{"id":3041,"date":"2024-09-13T17:44:24","date_gmt":"2024-09-13T22:44:24","guid":{"rendered":"https:\/\/www.ncfh.org\/?page_id=3041"},"modified":"2025-07-31T14:02:01","modified_gmt":"2025-07-31T19:02:01","slug":"convocatoria-para-artista","status":"publish","type":"page","link":"https:\/\/www.ncfh.org\/es\/convocatoria-para-artista\/","title":{"rendered":"\u00a1CONVOCATORIA PARA ARTISTA!"},"content":{"rendered":"\n<p class=\"has-text-align-left\">El Centro Nacional para la Salud del Trabajador Agr\u00edcola (NCFH, por sus siglas en ingl\u00e9s) es una organizaci\u00f3n sin fines de lucro dedicada a mejorar la salud de los trabajadores agr\u00edcolas y sus familias en los Estados Unidos y Puerto Rico. Cada a\u00f1o, NCFH encarga a un artista que represente una imagen relevante para el estilo de vida de los trabajadores agr\u00edcolas migrantes y de temporada para apoyar el programa de Becas Anuales de NCFH. Las ganancias de la venta de posters y ediciones de arte se utilizan para otorgar becas a personas con el potencial de beneficiar a los trabajadores agr\u00edcolas. El programa de Becas Anuales de NCFH se estableci\u00f3 en el 1984 y ofrece becas en la cantidad de $1,500 para apoyar programas de licenciaturas y becas de hasta $1,000 para programas de certificaci\u00f3n u otras oportunidades educativas para todos los empleados y miembros de las juntas directivas de los Centros de Salud para apoyar sus metas acad\u00e9micas en disciplinas cl\u00ednicas, administrativas y auxiliares. &nbsp;<\/p>\n\n\n\n<div style=\"color:#ddd\" class=\"wp-block-genesis-blocks-gb-spacer gb-block-spacer gb-divider-solid gb-divider-size-1\"><hr style=\"height:28px\"\/><\/div>\n\n\n\n<p class=\"has-text-align-left\">Le invitamos a considerar esta maravillosa oportunidad para mostrar su trabajo y ser parte de un programa que ayuda a otros a alcanzar el \u00e9xito. Si tiene inter\u00e9s en ser considerado como un futuro artista, env\u00ede lo siguiente a\u202f<a href=\"mailto:info@ncfh.org\">info@ncfh.org<\/a>:\u202f&nbsp;<\/p>\n\n\n\n<ul class=\"wp-block-list\">\n<li>un enlace directo a su sitio web o muestras de su obra de arte&nbsp;<\/li>\n\n\n\n<li>un bosquejo de su idea con una descripci\u00f3n&nbsp;<\/li>\n<\/ul>\n\n\n\n<div style=\"color:#ddd\" class=\"wp-block-genesis-blocks-gb-spacer gb-block-spacer gb-divider-solid gb-divider-size-1\"><hr style=\"height:30px\"\/><\/div>\n\n\n\n<p class=\"has-text-align-left\">Se otorgar\u00e1 un premio de $1,500 en efectivo al artista seleccionado al completar la obra de arte, as\u00ed como 1 prueba art\u00edstica y 5 posters de la imagen. Adem\u00e1s de la creaci\u00f3n de la obra de arte original, el artista acepta asistir a la conferencia para la presentaci\u00f3n de la obra de arte y participar en la firma de posters y ediciones de arte. Los gastos de viaje ser\u00e1n pagados por NCFH. Lo invitamos a visitar nuestro sitio web en\u202f<a href=\"https:\/\/www.ncfh.org\/es\/\" target=\"_blank\" rel=\"noreferrer noopener\">https:\/\/www.ncfh.org\/<\/a> para obtener m\u00e1s informaci\u00f3n sobre el programa de Becas Anuales de NCFH y ver las obras de arte de a\u00f1os anteriores. Por favor, considere ser parte de este gran programa y tener la oportunidad de ser reconocido a nivel nacional.\u202f\u202f&nbsp;<\/p>\n\n\n\n<div style=\"color:#ddd\" class=\"wp-block-genesis-blocks-gb-spacer gb-block-spacer gb-divider-solid gb-divider-size-1\"><hr style=\"height:30px\"\/><\/div>\n\n\n\n<p class=\"has-text-align-left\">Haga <a href=\"https:\/\/docs.google.com\/forms\/d\/e\/1FAIpQLSe9qppeGTb0bu6CvM4MvXmLWv_MpM1xfWM6bO3KI1_wxvTyqQ\/viewform?c=0&amp;w=1\">clic aqu\u00ed<\/a>&nbsp;para completar el formulario.<\/p>\n","protected":false},"excerpt":{"rendered":"<p>El Centro Nacional para la Salud del Trabajador Agr\u00edcola (NCFH, por sus siglas en ingl\u00e9s) es una organizaci\u00f3n sin fines de lucro dedicada a mejorar la salud de los trabajadores [&hellip;]<\/p>\n","protected":false},"author":1,"featured_media":0,"parent":0,"menu_order":48,"comment_status":"closed","ping_status":"closed","template":"","meta":{"_acf_changed":true,"footnotes":""},"class_list":["post-3041","page","type-page","status-publish","hentry"],"acf":[],"yoast_head":"<!-- This site is optimized with the Yoast SEO plugin v27.4 - https:\/\/yoast.com\/product\/yoast-seo-wordpress\/ -->\n<title>\u00a1CONVOCATORIA PARA ARTISTA! - National Center for Farmworker Health<\/title>\n<meta name=\"robots\" content=\"index, follow, max-snippet:-1, max-image-preview:large, max-video-preview:-1\" \/>\n<link rel=\"canonical\" href=\"https:\/\/www.ncfh.org\/es\/convocatoria-para-artista\/\" \/>\n<meta property=\"og:locale\" content=\"es_ES\" \/>\n<meta property=\"og:type\" content=\"article\" \/>\n<meta property=\"og:title\" content=\"\u00a1CONVOCATORIA PARA ARTISTA! - National Center for Farmworker Health\" \/>\n<meta property=\"og:description\" content=\"El Centro Nacional para la Salud del Trabajador Agr\u00edcola (NCFH, por sus siglas en ingl\u00e9s) es una organizaci\u00f3n sin fines de lucro dedicada a mejorar la salud de los trabajadores [&hellip;]\" \/>\n<meta property=\"og:url\" content=\"https:\/\/www.ncfh.org\/es\/convocatoria-para-artista\/\" \/>\n<meta property=\"og:site_name\" content=\"National Center for Farmworker Health\" \/>\n<meta property=\"article:modified_time\" content=\"2025-07-31T19:02:01+00:00\" \/>\n<meta name=\"twitter:card\" content=\"summary_large_image\" \/>\n<meta name=\"twitter:label1\" content=\"Tiempo de lectura\" \/>\n\t<meta name=\"twitter:data1\" content=\"2 minutos\" \/>\n<script type=\"application\/ld+json\" class=\"yoast-schema-graph\">{\"@context\":\"https:\\\/\\\/schema.org\",\"@graph\":[{\"@type\":\"WebPage\",\"@id\":\"https:\\\/\\\/www.ncfh.org\\\/es\\\/convocatoria-para-artista\\\/\",\"url\":\"https:\\\/\\\/www.ncfh.org\\\/es\\\/convocatoria-para-artista\\\/\",\"name\":\"\u00a1CONVOCATORIA PARA ARTISTA! - National Center for Farmworker Health\",\"isPartOf\":{\"@id\":\"https:\\\/\\\/www.ncfh.org\\\/es\\\/#website\"},\"datePublished\":\"2024-09-13T22:44:24+00:00\",\"dateModified\":\"2025-07-31T19:02:01+00:00\",\"breadcrumb\":{\"@id\":\"https:\\\/\\\/www.ncfh.org\\\/es\\\/convocatoria-para-artista\\\/#breadcrumb\"},\"inLanguage\":\"es\",\"potentialAction\":[{\"@type\":\"ReadAction\",\"target\":[\"https:\\\/\\\/www.ncfh.org\\\/es\\\/convocatoria-para-artista\\\/\"]}]},{\"@type\":\"BreadcrumbList\",\"@id\":\"https:\\\/\\\/www.ncfh.org\\\/es\\\/convocatoria-para-artista\\\/#breadcrumb\",\"itemListElement\":[{\"@type\":\"ListItem\",\"position\":1,\"name\":\"Home\",\"item\":\"https:\\\/\\\/www.ncfh.org\\\/es\\\/inicio\\\/\"},{\"@type\":\"ListItem\",\"position\":2,\"name\":\"\u00a1CONVOCATORIA PARA ARTISTA!\"}]},{\"@type\":\"WebSite\",\"@id\":\"https:\\\/\\\/www.ncfh.org\\\/es\\\/#website\",\"url\":\"https:\\\/\\\/www.ncfh.org\\\/es\\\/\",\"name\":\"National Center for Farmworker Health\",\"description\":\"\",\"publisher\":{\"@id\":\"https:\\\/\\\/www.ncfh.org\\\/es\\\/#organization\"},\"potentialAction\":[{\"@type\":\"SearchAction\",\"target\":{\"@type\":\"EntryPoint\",\"urlTemplate\":\"https:\\\/\\\/www.ncfh.org\\\/es\\\/?s={search_term_string}\"},\"query-input\":{\"@type\":\"PropertyValueSpecification\",\"valueRequired\":true,\"valueName\":\"search_term_string\"}}],\"inLanguage\":\"es\"},{\"@type\":\"Organization\",\"@id\":\"https:\\\/\\\/www.ncfh.org\\\/es\\\/#organization\",\"name\":\"National Center for Farmworker Health\",\"url\":\"https:\\\/\\\/www.ncfh.org\\\/es\\\/\",\"logo\":{\"@type\":\"ImageObject\",\"inLanguage\":\"es\",\"@id\":\"https:\\\/\\\/www.ncfh.org\\\/es\\\/#\\\/schema\\\/logo\\\/image\\\/\",\"url\":\"https:\\\/\\\/www.ncfh.org\\\/wp-content\\\/uploads\\\/2024\\\/06\\\/Language-Access.png\",\"contentUrl\":\"https:\\\/\\\/www.ncfh.org\\\/wp-content\\\/uploads\\\/2024\\\/06\\\/Language-Access.png\",\"width\":1563,\"height\":1563,\"caption\":\"National Center for Farmworker Health\"},\"image\":{\"@id\":\"https:\\\/\\\/www.ncfh.org\\\/es\\\/#\\\/schema\\\/logo\\\/image\\\/\"}}]}<\/script>\n<!-- \/ Yoast SEO plugin. -->","yoast_head_json":{"title":"\u00a1CONVOCATORIA PARA ARTISTA! - National Center for Farmworker Health","robots":{"index":"index","follow":"follow","max-snippet":"max-snippet:-1","max-image-preview":"max-image-preview:large","max-video-preview":"max-video-preview:-1"},"canonical":"https:\/\/www.ncfh.org\/es\/convocatoria-para-artista\/","og_locale":"es_ES","og_type":"article","og_title":"\u00a1CONVOCATORIA PARA ARTISTA! - National Center for Farmworker Health","og_description":"El Centro Nacional para la Salud del Trabajador Agr\u00edcola (NCFH, por sus siglas en ingl\u00e9s) es una organizaci\u00f3n sin fines de lucro dedicada a mejorar la salud de los trabajadores [&hellip;]","og_url":"https:\/\/www.ncfh.org\/es\/convocatoria-para-artista\/","og_site_name":"National Center for Farmworker Health","article_modified_time":"2025-07-31T19:02:01+00:00","twitter_card":"summary_large_image","twitter_misc":{"Tiempo de lectura":"2 minutos"},"schema":{"@context":"https:\/\/schema.org","@graph":[{"@type":"WebPage","@id":"https:\/\/www.ncfh.org\/es\/convocatoria-para-artista\/","url":"https:\/\/www.ncfh.org\/es\/convocatoria-para-artista\/","name":"\u00a1CONVOCATORIA PARA ARTISTA! - National Center for Farmworker Health","isPartOf":{"@id":"https:\/\/www.ncfh.org\/es\/#website"},"datePublished":"2024-09-13T22:44:24+00:00","dateModified":"2025-07-31T19:02:01+00:00","breadcrumb":{"@id":"https:\/\/www.ncfh.org\/es\/convocatoria-para-artista\/#breadcrumb"},"inLanguage":"es","potentialAction":[{"@type":"ReadAction","target":["https:\/\/www.ncfh.org\/es\/convocatoria-para-artista\/"]}]},{"@type":"BreadcrumbList","@id":"https:\/\/www.ncfh.org\/es\/convocatoria-para-artista\/#breadcrumb","itemListElement":[{"@type":"ListItem","position":1,"name":"Home","item":"https:\/\/www.ncfh.org\/es\/inicio\/"},{"@type":"ListItem","position":2,"name":"\u00a1CONVOCATORIA PARA ARTISTA!"}]},{"@type":"WebSite","@id":"https:\/\/www.ncfh.org\/es\/#website","url":"https:\/\/www.ncfh.org\/es\/","name":"National Center for Farmworker Health","description":"","publisher":{"@id":"https:\/\/www.ncfh.org\/es\/#organization"},"potentialAction":[{"@type":"SearchAction","target":{"@type":"EntryPoint","urlTemplate":"https:\/\/www.ncfh.org\/es\/?s={search_term_string}"},"query-input":{"@type":"PropertyValueSpecification","valueRequired":true,"valueName":"search_term_string"}}],"inLanguage":"es"},{"@type":"Organization","@id":"https:\/\/www.ncfh.org\/es\/#organization","name":"National Center for Farmworker Health","url":"https:\/\/www.ncfh.org\/es\/","logo":{"@type":"ImageObject","inLanguage":"es","@id":"https:\/\/www.ncfh.org\/es\/#\/schema\/logo\/image\/","url":"https:\/\/www.ncfh.org\/wp-content\/uploads\/2024\/06\/Language-Access.png","contentUrl":"https:\/\/www.ncfh.org\/wp-content\/uploads\/2024\/06\/Language-Access.png","width":1563,"height":1563,"caption":"National Center for Farmworker Health"},"image":{"@id":"https:\/\/www.ncfh.org\/es\/#\/schema\/logo\/image\/"}}]}},"featured_image_src":null,"featured_image_src_square":null,"_links":{"self":[{"href":"https:\/\/www.ncfh.org\/es\/wp-json\/wp\/v2\/pages\/3041","targetHints":{"allow":["GET"]}}],"collection":[{"href":"https:\/\/www.ncfh.org\/es\/wp-json\/wp\/v2\/pages"}],"about":[{"href":"https:\/\/www.ncfh.org\/es\/wp-json\/wp\/v2\/types\/page"}],"author":[{"embeddable":true,"href":"https:\/\/www.ncfh.org\/es\/wp-json\/wp\/v2\/users\/1"}],"replies":[{"embeddable":true,"href":"https:\/\/www.ncfh.org\/es\/wp-json\/wp\/v2\/comments?post=3041"}],"version-history":[{"count":0,"href":"https:\/\/www.ncfh.org\/es\/wp-json\/wp\/v2\/pages\/3041\/revisions"}],"wp:attachment":[{"href":"https:\/\/www.ncfh.org\/es\/wp-json\/wp\/v2\/media?parent=3041"}],"curies":[{"name":"wp","href":"https:\/\/api.w.org\/{rel}","templated":true}]}}