{"id":5794,"date":"2024-09-10T12:49:21","date_gmt":"2024-09-10T17:49:21","guid":{"rendered":"https:\/\/www.ncfh.org\/farmworker-health-network\/"},"modified":"2025-04-14T17:34:04","modified_gmt":"2025-04-14T22:34:04","slug":"farmworker-health-network","status":"publish","type":"page","link":"https:\/\/www.ncfh.org\/es\/farmworker-health-network\/","title":{"rendered":"RED DE SALUD DEL TRABAJADOR AGR\u00cdCOLA"},"content":{"rendered":"<div class=\"wp-block-image\">\n<figure class=\"aligncenter size-full\"><img decoding=\"async\" src=\"https:\/\/www.ncfh.org\/wp-content\/uploads\/2024\/04\/learning-collaboratives-icon.svg\" alt=\"Leaf icon\" class=\"wp-image-944\"\/><\/figure>\n<\/div>\n\n\n<p class=\"has-text-align-left\">La Administraci\u00f3n de Recursos y Servicios de Salud (HRSA, por sus siglas en ingl\u00e9s) est\u00e1 La Administraci\u00f3n de Recursos y Servicios de Salud (HRSA, por sus siglas en ingl\u00e9s) est\u00e1 comprometida a aumentar el acceso de los trabajadores agr\u00edcolas y sus familias a una atenci\u00f3n de salud de calidad, al tiempo que reduce las disparidades en su estado de salud. Los Centros de Salud Comunitarios y para Migrantes trabajan para lograr este objetivo proporcionando atenci\u00f3n equitativa y de alta calidad a familias de trabajadores agr\u00edcolas en todo el pa\u00eds. La Red de Salud para Trabajadores Agr\u00edcolas (FHN, por sus siglas en ingl\u00e9s) trabaja en cooperaci\u00f3n con HRSA para brindar capacitaci\u00f3n y asistencia t\u00e9cnica a m\u00e1s de 1,100 centros de salud comunitarios y para migrantes en todo Estados Unidos.<\/p>\n\n\n\n<div style=\"height:30px\" aria-hidden=\"true\" class=\"wp-block-spacer\"><\/div>\n\n\n\n<p class=\"has-text-align-left\">The Farmworker Health Network (FHN)\u202fis comprised of six National Cooperative Agreements in agricultural worker health funded through the U.S. Department of Health and Human Services\u2019 Health Resources and Services Administration (HRSA) to provide training and technical assistance to current\u202fand potential health centers.\u202fThese organizations include <a href=\"https:\/\/outreach-partners.org\/\" target=\"_blank\" rel=\"noreferrer noopener\">Health Outreach Partners<\/a>, <a href=\"https:\/\/www.nachc.org\/\" target=\"_blank\" rel=\"noreferrer noopener\">National Association of Community Health Centers<\/a>, <a href=\"https:\/\/www.farmworkerjustice.org\/\" target=\"_blank\" rel=\"noreferrer noopener\">Farmworker Justice<\/a>, <a href=\"https:\/\/www.migrantclinician.org\/\" target=\"_blank\" rel=\"noreferrer noopener\">Migrant Clinicians Network<\/a>, <a href=\"https:\/\/mhpsalud.org\/\" target=\"_blank\" rel=\"noreferrer noopener\">MHP Salud<\/a>, and the National Center for Farmworker Health. Each organization specializes in areas of focus such as clinical support, outreach services, policy analysis and program development.<\/p>\n\n\n\n<div style=\"height:30px\" aria-hidden=\"true\" class=\"wp-block-spacer\"><\/div>\n\n\n\n<p class=\"has-text-align-left\">The FHN meet regularly and collaborate to develop resources that share promising practices and tools for health centers and other farmworker serving organizations that provide services to the farmworker population. <\/p>\n\n\n\n<div style=\"height:31px\" aria-hidden=\"true\" class=\"wp-block-spacer\"><\/div>\n\n\n\n<p class=\"has-text-align-left\">Below are resources from the FHN developed through collaborative activities:<\/p>\n\n\n\n<div style=\"height:30px\" aria-hidden=\"true\" class=\"wp-block-spacer\"><\/div>\n\n\n\n<p class=\"has-text-align-left\"><a href=\"https:\/\/www.ncfh.org\/?post_type=digital-library&amp;p=5768&amp;preview=true\">2024 Key Resources for Agricultural Worker Health:<\/a> This resource includes tools developed by each FHN organization, highlighting their areas of expertise and support workforce development within health centers to increase access to healthcare for the agricultural worker population.<\/p>\n\n\n\n<div style=\"height:90px\" aria-hidden=\"true\" class=\"wp-block-spacer\"><\/div>\n\n\n\n<div class=\"wp-block-columns is-layout-flex wp-container-core-columns-is-layout-9d6595d7 wp-block-columns-is-layout-flex\">\n<div class=\"wp-block-column is-layout-flow wp-block-column-is-layout-flow\">\n<div style=\"height:0px\" aria-hidden=\"true\" class=\"wp-block-spacer\"><\/div>\n\n\n\n<div style=\"height:11px\" aria-hidden=\"true\" class=\"wp-block-spacer\"><\/div>\n\n\n<div class=\"wp-block-image\">\n<figure class=\"aligncenter size-full is-resized\"><a href=\"https:\/\/www.ncfh.org\/\"><img loading=\"lazy\" decoding=\"async\" width=\"610\" height=\"208\" src=\"https:\/\/www.ncfh.org\/wp-content\/uploads\/2024\/09\/Blue-logo.png\" alt=\"\" class=\"wp-image-2572\" style=\"width:247px;height:auto\" srcset=\"https:\/\/www.ncfh.org\/wp-content\/uploads\/2024\/09\/Blue-logo.png 610w, https:\/\/www.ncfh.org\/wp-content\/uploads\/2024\/09\/Blue-logo-300x102.png 300w, https:\/\/www.ncfh.org\/wp-content\/uploads\/2024\/09\/Blue-logo-600x205.png 600w\" sizes=\"auto, (max-width: 610px) 100vw, 610px\" \/><\/a><\/figure>\n<\/div><\/div>\n\n\n\n<div class=\"wp-block-column is-layout-flow wp-block-column-is-layout-flow\">\n<div style=\"height:5px\" aria-hidden=\"true\" class=\"wp-block-spacer\"><\/div>\n\n\n<div class=\"wp-block-image\">\n<figure class=\"aligncenter size-full is-resized\"><a href=\"https:\/\/outreach-partners.org\/\"><img loading=\"lazy\" decoding=\"async\" width=\"190\" height=\"90\" src=\"https:\/\/www.ncfh.org\/wp-content\/uploads\/2024\/09\/HOP_MainLogo.png\" alt=\"\" class=\"wp-image-2566\" style=\"width:165px;height:auto\"\/><\/a><\/figure>\n<\/div><\/div>\n\n\n\n<div class=\"wp-block-column is-layout-flow wp-block-column-is-layout-flow\">\n<div style=\"height:6px\" aria-hidden=\"true\" class=\"wp-block-spacer\"><\/div>\n\n\n<div class=\"wp-block-image\">\n<figure class=\"aligncenter size-large is-resized\"><a href=\"https:\/\/www.nachc.org\/\"><img loading=\"lazy\" decoding=\"async\" width=\"1024\" height=\"276\" src=\"https:\/\/www.ncfh.org\/wp-content\/uploads\/2024\/09\/NACHC_LOGO_2C_R_transparent-1-1024x276.png\" alt=\"\" class=\"wp-image-2579\" style=\"width:317px;height:auto\" srcset=\"https:\/\/www.ncfh.org\/wp-content\/uploads\/2024\/09\/NACHC_LOGO_2C_R_transparent-1-1024x276.png 1024w, https:\/\/www.ncfh.org\/wp-content\/uploads\/2024\/09\/NACHC_LOGO_2C_R_transparent-1-300x81.png 300w, https:\/\/www.ncfh.org\/wp-content\/uploads\/2024\/09\/NACHC_LOGO_2C_R_transparent-1-768x207.png 768w, https:\/\/www.ncfh.org\/wp-content\/uploads\/2024\/09\/NACHC_LOGO_2C_R_transparent-1-600x162.png 600w, https:\/\/www.ncfh.org\/wp-content\/uploads\/2024\/09\/NACHC_LOGO_2C_R_transparent-1.png 1484w\" sizes=\"auto, (max-width: 1024px) 100vw, 1024px\" \/><\/a><\/figure>\n<\/div><\/div>\n<\/div>\n\n\n\n<div class=\"wp-block-columns is-layout-flex wp-container-core-columns-is-layout-9d6595d7 wp-block-columns-is-layout-flex\">\n<div class=\"wp-block-column is-layout-flow wp-block-column-is-layout-flow\"><div class=\"wp-block-image\">\n<figure class=\"aligncenter size-large is-resized\"><a href=\"https:\/\/mhpsalud.org\/\"><img loading=\"lazy\" decoding=\"async\" width=\"1024\" height=\"1024\" src=\"https:\/\/www.ncfh.org\/wp-content\/uploads\/2024\/09\/mhpsalud-logo-1f2lajl-1024x1024.png\" alt=\"\" class=\"wp-image-2574\" style=\"width:127px;height:auto\" srcset=\"https:\/\/www.ncfh.org\/wp-content\/uploads\/2024\/09\/mhpsalud-logo-1f2lajl-1024x1024.png 1024w, https:\/\/www.ncfh.org\/wp-content\/uploads\/2024\/09\/mhpsalud-logo-1f2lajl-300x300.png 300w, https:\/\/www.ncfh.org\/wp-content\/uploads\/2024\/09\/mhpsalud-logo-1f2lajl-150x150.png 150w, https:\/\/www.ncfh.org\/wp-content\/uploads\/2024\/09\/mhpsalud-logo-1f2lajl-768x768.png 768w\" sizes=\"auto, (max-width: 1024px) 100vw, 1024px\" \/><\/a><\/figure>\n<\/div><\/div>\n\n\n\n<div class=\"wp-block-column is-layout-flow wp-block-column-is-layout-flow\"><div class=\"wp-block-image\">\n<figure class=\"aligncenter size-full is-resized\"><a href=\"https:\/\/www.migrantclinician.org\/\"><img loading=\"lazy\" decoding=\"async\" width=\"700\" height=\"422\" src=\"https:\/\/www.ncfh.org\/wp-content\/uploads\/2024\/09\/mcnlogo-blue-700px-1_orig.png\" alt=\"\" class=\"wp-image-2569\" style=\"width:212px;height:auto\" srcset=\"https:\/\/www.ncfh.org\/wp-content\/uploads\/2024\/09\/mcnlogo-blue-700px-1_orig.png 700w, https:\/\/www.ncfh.org\/wp-content\/uploads\/2024\/09\/mcnlogo-blue-700px-1_orig-300x181.png 300w, https:\/\/www.ncfh.org\/wp-content\/uploads\/2024\/09\/mcnlogo-blue-700px-1_orig-600x362.png 600w\" sizes=\"auto, (max-width: 700px) 100vw, 700px\" \/><\/a><\/figure>\n<\/div><\/div>\n\n\n\n<div class=\"wp-block-column is-layout-flow wp-block-column-is-layout-flow\"><div class=\"wp-block-image\">\n<figure class=\"aligncenter size-full is-resized\"><a href=\"https:\/\/www.farmworkerjustice.org\/\"><img loading=\"lazy\" decoding=\"async\" width=\"300\" height=\"300\" src=\"https:\/\/www.ncfh.org\/wp-content\/uploads\/2024\/09\/FJ-Logo-yellow_large-background.jpg\" alt=\"\" class=\"wp-image-2565\" style=\"width:117px;height:auto\" srcset=\"https:\/\/www.ncfh.org\/wp-content\/uploads\/2024\/09\/FJ-Logo-yellow_large-background.jpg 300w, https:\/\/www.ncfh.org\/wp-content\/uploads\/2024\/09\/FJ-Logo-yellow_large-background-150x150.jpg 150w, https:\/\/www.ncfh.org\/wp-content\/uploads\/2024\/09\/FJ-Logo-yellow_large-background-100x100.jpg 100w\" sizes=\"auto, (max-width: 300px) 100vw, 300px\" \/><\/a><\/figure>\n<\/div><\/div>\n<\/div>\n\n\n\n<div class=\"wp-block-genesis-blocks-gb-container gb-block-container\"><div class=\"gb-container-inside\"><div class=\"gb-container-content\"><\/div><\/div><\/div>\n\n\n\n<p><\/p>\n","protected":false},"excerpt":{"rendered":"<p>La Administraci\u00f3n de Recursos y Servicios de Salud (HRSA, por sus siglas en ingl\u00e9s) est\u00e1 La Administraci\u00f3n de Recursos y Servicios de Salud (HRSA, por sus siglas en ingl\u00e9s) est\u00e1 [&hellip;]<\/p>\n","protected":false},"author":4,"featured_media":0,"parent":0,"menu_order":58,"comment_status":"closed","ping_status":"closed","template":"","meta":{"_acf_changed":false,"footnotes":""},"class_list":["post-5794","page","type-page","status-publish","hentry"],"acf":[],"yoast_head":"<!-- This site is optimized with the Yoast SEO plugin v27.4 - https:\/\/yoast.com\/product\/yoast-seo-wordpress\/ -->\n<title>RED DE SALUD DEL TRABAJADOR AGR\u00cdCOLA - National Center for Farmworker Health<\/title>\n<meta name=\"robots\" content=\"index, follow, max-snippet:-1, max-image-preview:large, max-video-preview:-1\" \/>\n<link rel=\"canonical\" href=\"https:\/\/www.ncfh.org\/es\/farmworker-health-network\/\" \/>\n<meta property=\"og:locale\" content=\"es_ES\" \/>\n<meta property=\"og:type\" content=\"article\" \/>\n<meta property=\"og:title\" content=\"RED DE SALUD DEL TRABAJADOR AGR\u00cdCOLA - National Center for Farmworker Health\" \/>\n<meta property=\"og:description\" content=\"La Administraci\u00f3n de Recursos y Servicios de Salud (HRSA, por sus siglas en ingl\u00e9s) est\u00e1 La Administraci\u00f3n de Recursos y Servicios de Salud (HRSA, por sus siglas en ingl\u00e9s) est\u00e1 [&hellip;]\" \/>\n<meta property=\"og:url\" content=\"https:\/\/www.ncfh.org\/es\/farmworker-health-network\/\" \/>\n<meta property=\"og:site_name\" content=\"National Center for Farmworker Health\" \/>\n<meta property=\"article:modified_time\" content=\"2025-04-14T22:34:04+00:00\" \/>\n<meta name=\"twitter:card\" content=\"summary_large_image\" \/>\n<meta name=\"twitter:label1\" content=\"Tiempo de lectura\" \/>\n\t<meta name=\"twitter:data1\" content=\"3 minutos\" \/>\n<script type=\"application\/ld+json\" class=\"yoast-schema-graph\">{\"@context\":\"https:\\\/\\\/schema.org\",\"@graph\":[{\"@type\":\"WebPage\",\"@id\":\"https:\\\/\\\/www.ncfh.org\\\/es\\\/farmworker-health-network\\\/\",\"url\":\"https:\\\/\\\/www.ncfh.org\\\/es\\\/farmworker-health-network\\\/\",\"name\":\"RED DE SALUD DEL TRABAJADOR AGR\u00cdCOLA - National Center for Farmworker Health\",\"isPartOf\":{\"@id\":\"https:\\\/\\\/www.ncfh.org\\\/es\\\/#website\"},\"primaryImageOfPage\":{\"@id\":\"https:\\\/\\\/www.ncfh.org\\\/es\\\/farmworker-health-network\\\/#primaryimage\"},\"image\":{\"@id\":\"https:\\\/\\\/www.ncfh.org\\\/es\\\/farmworker-health-network\\\/#primaryimage\"},\"thumbnailUrl\":\"https:\\\/\\\/www.ncfh.org\\\/wp-content\\\/uploads\\\/2024\\\/04\\\/learning-collaboratives-icon.svg\",\"datePublished\":\"2024-09-10T17:49:21+00:00\",\"dateModified\":\"2025-04-14T22:34:04+00:00\",\"breadcrumb\":{\"@id\":\"https:\\\/\\\/www.ncfh.org\\\/es\\\/farmworker-health-network\\\/#breadcrumb\"},\"inLanguage\":\"es\",\"potentialAction\":[{\"@type\":\"ReadAction\",\"target\":[\"https:\\\/\\\/www.ncfh.org\\\/es\\\/farmworker-health-network\\\/\"]}]},{\"@type\":\"ImageObject\",\"inLanguage\":\"es\",\"@id\":\"https:\\\/\\\/www.ncfh.org\\\/es\\\/farmworker-health-network\\\/#primaryimage\",\"url\":\"https:\\\/\\\/www.ncfh.org\\\/wp-content\\\/uploads\\\/2024\\\/04\\\/learning-collaboratives-icon.svg\",\"contentUrl\":\"https:\\\/\\\/www.ncfh.org\\\/wp-content\\\/uploads\\\/2024\\\/04\\\/learning-collaboratives-icon.svg\"},{\"@type\":\"BreadcrumbList\",\"@id\":\"https:\\\/\\\/www.ncfh.org\\\/es\\\/farmworker-health-network\\\/#breadcrumb\",\"itemListElement\":[{\"@type\":\"ListItem\",\"position\":1,\"name\":\"Home\",\"item\":\"https:\\\/\\\/www.ncfh.org\\\/es\\\/inicio\\\/\"},{\"@type\":\"ListItem\",\"position\":2,\"name\":\"RED DE SALUD DEL TRABAJADOR AGR\u00cdCOLA\"}]},{\"@type\":\"WebSite\",\"@id\":\"https:\\\/\\\/www.ncfh.org\\\/es\\\/#website\",\"url\":\"https:\\\/\\\/www.ncfh.org\\\/es\\\/\",\"name\":\"National Center for Farmworker Health\",\"description\":\"\",\"publisher\":{\"@id\":\"https:\\\/\\\/www.ncfh.org\\\/es\\\/#organization\"},\"potentialAction\":[{\"@type\":\"SearchAction\",\"target\":{\"@type\":\"EntryPoint\",\"urlTemplate\":\"https:\\\/\\\/www.ncfh.org\\\/es\\\/?s={search_term_string}\"},\"query-input\":{\"@type\":\"PropertyValueSpecification\",\"valueRequired\":true,\"valueName\":\"search_term_string\"}}],\"inLanguage\":\"es\"},{\"@type\":\"Organization\",\"@id\":\"https:\\\/\\\/www.ncfh.org\\\/es\\\/#organization\",\"name\":\"National Center for Farmworker Health\",\"url\":\"https:\\\/\\\/www.ncfh.org\\\/es\\\/\",\"logo\":{\"@type\":\"ImageObject\",\"inLanguage\":\"es\",\"@id\":\"https:\\\/\\\/www.ncfh.org\\\/es\\\/#\\\/schema\\\/logo\\\/image\\\/\",\"url\":\"https:\\\/\\\/www.ncfh.org\\\/wp-content\\\/uploads\\\/2024\\\/06\\\/Language-Access.png\",\"contentUrl\":\"https:\\\/\\\/www.ncfh.org\\\/wp-content\\\/uploads\\\/2024\\\/06\\\/Language-Access.png\",\"width\":1563,\"height\":1563,\"caption\":\"National Center for Farmworker Health\"},\"image\":{\"@id\":\"https:\\\/\\\/www.ncfh.org\\\/es\\\/#\\\/schema\\\/logo\\\/image\\\/\"}}]}<\/script>\n<!-- \/ Yoast SEO plugin. -->","yoast_head_json":{"title":"RED DE SALUD DEL TRABAJADOR AGR\u00cdCOLA - National Center for Farmworker Health","robots":{"index":"index","follow":"follow","max-snippet":"max-snippet:-1","max-image-preview":"max-image-preview:large","max-video-preview":"max-video-preview:-1"},"canonical":"https:\/\/www.ncfh.org\/es\/farmworker-health-network\/","og_locale":"es_ES","og_type":"article","og_title":"RED DE SALUD DEL TRABAJADOR AGR\u00cdCOLA - National Center for Farmworker Health","og_description":"La Administraci\u00f3n de Recursos y Servicios de Salud (HRSA, por sus siglas en ingl\u00e9s) est\u00e1 La Administraci\u00f3n de Recursos y Servicios de Salud (HRSA, por sus siglas en ingl\u00e9s) est\u00e1 [&hellip;]","og_url":"https:\/\/www.ncfh.org\/es\/farmworker-health-network\/","og_site_name":"National Center for Farmworker Health","article_modified_time":"2025-04-14T22:34:04+00:00","twitter_card":"summary_large_image","twitter_misc":{"Tiempo de lectura":"3 minutos"},"schema":{"@context":"https:\/\/schema.org","@graph":[{"@type":"WebPage","@id":"https:\/\/www.ncfh.org\/es\/farmworker-health-network\/","url":"https:\/\/www.ncfh.org\/es\/farmworker-health-network\/","name":"RED DE SALUD DEL TRABAJADOR AGR\u00cdCOLA - National Center for Farmworker Health","isPartOf":{"@id":"https:\/\/www.ncfh.org\/es\/#website"},"primaryImageOfPage":{"@id":"https:\/\/www.ncfh.org\/es\/farmworker-health-network\/#primaryimage"},"image":{"@id":"https:\/\/www.ncfh.org\/es\/farmworker-health-network\/#primaryimage"},"thumbnailUrl":"https:\/\/www.ncfh.org\/wp-content\/uploads\/2024\/04\/learning-collaboratives-icon.svg","datePublished":"2024-09-10T17:49:21+00:00","dateModified":"2025-04-14T22:34:04+00:00","breadcrumb":{"@id":"https:\/\/www.ncfh.org\/es\/farmworker-health-network\/#breadcrumb"},"inLanguage":"es","potentialAction":[{"@type":"ReadAction","target":["https:\/\/www.ncfh.org\/es\/farmworker-health-network\/"]}]},{"@type":"ImageObject","inLanguage":"es","@id":"https:\/\/www.ncfh.org\/es\/farmworker-health-network\/#primaryimage","url":"https:\/\/www.ncfh.org\/wp-content\/uploads\/2024\/04\/learning-collaboratives-icon.svg","contentUrl":"https:\/\/www.ncfh.org\/wp-content\/uploads\/2024\/04\/learning-collaboratives-icon.svg"},{"@type":"BreadcrumbList","@id":"https:\/\/www.ncfh.org\/es\/farmworker-health-network\/#breadcrumb","itemListElement":[{"@type":"ListItem","position":1,"name":"Home","item":"https:\/\/www.ncfh.org\/es\/inicio\/"},{"@type":"ListItem","position":2,"name":"RED DE SALUD DEL TRABAJADOR AGR\u00cdCOLA"}]},{"@type":"WebSite","@id":"https:\/\/www.ncfh.org\/es\/#website","url":"https:\/\/www.ncfh.org\/es\/","name":"National Center for Farmworker Health","description":"","publisher":{"@id":"https:\/\/www.ncfh.org\/es\/#organization"},"potentialAction":[{"@type":"SearchAction","target":{"@type":"EntryPoint","urlTemplate":"https:\/\/www.ncfh.org\/es\/?s={search_term_string}"},"query-input":{"@type":"PropertyValueSpecification","valueRequired":true,"valueName":"search_term_string"}}],"inLanguage":"es"},{"@type":"Organization","@id":"https:\/\/www.ncfh.org\/es\/#organization","name":"National Center for Farmworker Health","url":"https:\/\/www.ncfh.org\/es\/","logo":{"@type":"ImageObject","inLanguage":"es","@id":"https:\/\/www.ncfh.org\/es\/#\/schema\/logo\/image\/","url":"https:\/\/www.ncfh.org\/wp-content\/uploads\/2024\/06\/Language-Access.png","contentUrl":"https:\/\/www.ncfh.org\/wp-content\/uploads\/2024\/06\/Language-Access.png","width":1563,"height":1563,"caption":"National Center for Farmworker Health"},"image":{"@id":"https:\/\/www.ncfh.org\/es\/#\/schema\/logo\/image\/"}}]}},"featured_image_src":null,"featured_image_src_square":null,"_links":{"self":[{"href":"https:\/\/www.ncfh.org\/es\/wp-json\/wp\/v2\/pages\/5794","targetHints":{"allow":["GET"]}}],"collection":[{"href":"https:\/\/www.ncfh.org\/es\/wp-json\/wp\/v2\/pages"}],"about":[{"href":"https:\/\/www.ncfh.org\/es\/wp-json\/wp\/v2\/types\/page"}],"author":[{"embeddable":true,"href":"https:\/\/www.ncfh.org\/es\/wp-json\/wp\/v2\/users\/4"}],"replies":[{"embeddable":true,"href":"https:\/\/www.ncfh.org\/es\/wp-json\/wp\/v2\/comments?post=5794"}],"version-history":[{"count":0,"href":"https:\/\/www.ncfh.org\/es\/wp-json\/wp\/v2\/pages\/5794\/revisions"}],"wp:attachment":[{"href":"https:\/\/www.ncfh.org\/es\/wp-json\/wp\/v2\/media?parent=5794"}],"curies":[{"name":"wp","href":"https:\/\/api.w.org\/{rel}","templated":true}]}}