{"id":6960,"date":"2024-06-14T13:24:47","date_gmt":"2024-06-14T18:24:47","guid":{"rendered":"https:\/\/www.ncfh.org\/becas-ncfh\/"},"modified":"2025-08-15T16:47:55","modified_gmt":"2025-08-15T21:47:55","slug":"becas-ncfh","status":"publish","type":"page","link":"https:\/\/www.ncfh.org\/es\/becas-ncfh\/","title":{"rendered":"Becas NCFH"},"content":{"rendered":"<div class=\"aligncenter wp-block-site-logo\"><a href=\"https:\/\/www.ncfh.org\/es\/\" class=\"custom-logo-link\" rel=\"home\"><img loading=\"lazy\" decoding=\"async\" width=\"176\" height=\"176\" src=\"https:\/\/www.ncfh.org\/wp-content\/uploads\/2024\/06\/Language-Access.png\" class=\"custom-logo\" alt=\"Heart with medical cross icon\" srcset=\"https:\/\/www.ncfh.org\/wp-content\/uploads\/2024\/06\/Language-Access.png 1563w, https:\/\/www.ncfh.org\/wp-content\/uploads\/2024\/06\/Language-Access-300x300.png 300w, https:\/\/www.ncfh.org\/wp-content\/uploads\/2024\/06\/Language-Access-1024x1024.png 1024w, https:\/\/www.ncfh.org\/wp-content\/uploads\/2024\/06\/Language-Access-150x150.png 150w, https:\/\/www.ncfh.org\/wp-content\/uploads\/2024\/06\/Language-Access-768x768.png 768w, https:\/\/www.ncfh.org\/wp-content\/uploads\/2024\/06\/Language-Access-1536x1536.png 1536w, https:\/\/www.ncfh.org\/wp-content\/uploads\/2024\/06\/Language-Access-600x600.png 600w, https:\/\/www.ncfh.org\/wp-content\/uploads\/2024\/06\/Language-Access-100x100.png 100w\" sizes=\"auto, (max-width: 176px) 100vw, 176px\" \/><\/a><\/div>\n<h4 class=\"wp-block-heading has-text-align-center\">Premio Bobbi Ryder \u201cCampe\u00f3n de salud para migrantes\u201d<\/h4>\n\n<div style=\"color:#ddd\" class=\"wp-block-genesis-blocks-gb-spacer gb-block-spacer gb-divider-solid gb-divider-size-1\"><hr style=\"height:12px\"\/><\/div>\n\n<p class=\"has-text-align-center\">Durante muchos a\u00f1os, NCFH ha invertido en el personal de los centros de salud comunitarios de disciplinas cl\u00ednicas, administrativas y auxiliares a trav\u00e9s de becas anuales que son posibles gracias a la venta de nuestras obras de arte y carteles conmemorativos. El prop\u00f3sito de las becas es ayudar al personal de los centros de salud a alcanzar sus objetivos educativos en carreras en el \u00e1rea de la salud y contribuir al desarrollo de la fuerza laboral de los Centros de Salud Comunitarios. La selecci\u00f3n de los beneficiarios se basa en su demostrada dedicaci\u00f3n trabajando con la comunidad de trabajadores agr\u00edcolas, la elecci\u00f3n de su carrera profesional y su experiencia personal, con reconocimiento especial de aquellos que tienen antecedentes familiares de trabajadores agr\u00edcolas.  <\/p>\n\n<div style=\"color:#ddd\" class=\"wp-block-genesis-blocks-gb-spacer gb-block-spacer gb-divider-solid gb-divider-size-1\"><hr style=\"height:30px\"><\/div>\n\n<p class=\"has-text-align-center\">Desde 1984, NCFH ha otorgado m\u00e1s de $220,000 en becas. Estos premios son posibles exclusivamente a trav\u00e9s de los fondos recaudados como resultado de la venta de impresiones de obras de arte y carteles conmemorativos. Estas obras de arte conmemoran y celebran la Conferencia Anual de NACHC (Asociaci\u00f3n Nacional de Centros de Salud Comunitarios por sus siglas en ingl\u00e9s) para la Salud de los Trabajadores Agr\u00edcolas y la dignidad de los propios trabajadores agr\u00edcolas. El artista suele ser seleccionado espec\u00edficamente del \u00e1rea geogr\u00e1fica donde se celebre la conferencia. Producidas tanto en edici\u00f3n de arte limitada como en formato de cartel, las obras de arte originales se venden exclusivamente por NCFH.   <\/p>\n","protected":false},"excerpt":{"rendered":"<p>Premio Bobbi Ryder \u201cCampe\u00f3n de salud para migrantes\u201d Durante muchos a\u00f1os, NCFH ha invertido en el personal de los centros de salud comunitarios de disciplinas cl\u00ednicas, administrativas y auxiliares a [&hellip;]<\/p>\n","protected":false},"author":4,"featured_media":0,"parent":0,"menu_order":80,"comment_status":"closed","ping_status":"closed","template":"template-resource-hub-mental-health.php","meta":{"_acf_changed":false,"footnotes":""},"class_list":["post-6960","page","type-page","status-publish","hentry"],"acf":[],"yoast_head":"<!-- This site is optimized with the Yoast SEO plugin v27.4 - https:\/\/yoast.com\/product\/yoast-seo-wordpress\/ -->\n<title>Becas NCFH - National Center for Farmworker Health<\/title>\n<meta name=\"robots\" content=\"index, follow, max-snippet:-1, max-image-preview:large, max-video-preview:-1\" \/>\n<link rel=\"canonical\" href=\"https:\/\/www.ncfh.org\/es\/becas-ncfh\/\" \/>\n<meta property=\"og:locale\" content=\"es_ES\" \/>\n<meta property=\"og:type\" content=\"article\" \/>\n<meta property=\"og:title\" content=\"Becas NCFH - National Center for Farmworker Health\" \/>\n<meta property=\"og:description\" content=\"Premio Bobbi Ryder \u201cCampe\u00f3n de salud para migrantes\u201d Durante muchos a\u00f1os, NCFH ha invertido en el personal de los centros de salud comunitarios de disciplinas cl\u00ednicas, administrativas y auxiliares a [&hellip;]\" \/>\n<meta property=\"og:url\" content=\"https:\/\/www.ncfh.org\/es\/becas-ncfh\/\" \/>\n<meta property=\"og:site_name\" content=\"National Center for Farmworker Health\" \/>\n<meta property=\"article:modified_time\" content=\"2025-08-15T21:47:55+00:00\" \/>\n<meta name=\"twitter:card\" content=\"summary_large_image\" \/>\n<meta name=\"twitter:label1\" content=\"Tiempo de lectura\" \/>\n\t<meta name=\"twitter:data1\" content=\"1 minuto\" \/>\n<script type=\"application\/ld+json\" class=\"yoast-schema-graph\">{\"@context\":\"https:\\\/\\\/schema.org\",\"@graph\":[{\"@type\":\"WebPage\",\"@id\":\"https:\\\/\\\/www.ncfh.org\\\/es\\\/becas-ncfh\\\/\",\"url\":\"https:\\\/\\\/www.ncfh.org\\\/es\\\/becas-ncfh\\\/\",\"name\":\"Becas NCFH - National Center for Farmworker Health\",\"isPartOf\":{\"@id\":\"https:\\\/\\\/www.ncfh.org\\\/es\\\/#website\"},\"datePublished\":\"2024-06-14T18:24:47+00:00\",\"dateModified\":\"2025-08-15T21:47:55+00:00\",\"breadcrumb\":{\"@id\":\"https:\\\/\\\/www.ncfh.org\\\/es\\\/becas-ncfh\\\/#breadcrumb\"},\"inLanguage\":\"es\",\"potentialAction\":[{\"@type\":\"ReadAction\",\"target\":[\"https:\\\/\\\/www.ncfh.org\\\/es\\\/becas-ncfh\\\/\"]}]},{\"@type\":\"BreadcrumbList\",\"@id\":\"https:\\\/\\\/www.ncfh.org\\\/es\\\/becas-ncfh\\\/#breadcrumb\",\"itemListElement\":[{\"@type\":\"ListItem\",\"position\":1,\"name\":\"Home\",\"item\":\"https:\\\/\\\/www.ncfh.org\\\/es\\\/inicio\\\/\"},{\"@type\":\"ListItem\",\"position\":2,\"name\":\"Becas NCFH\"}]},{\"@type\":\"WebSite\",\"@id\":\"https:\\\/\\\/www.ncfh.org\\\/es\\\/#website\",\"url\":\"https:\\\/\\\/www.ncfh.org\\\/es\\\/\",\"name\":\"National Center for Farmworker Health\",\"description\":\"\",\"publisher\":{\"@id\":\"https:\\\/\\\/www.ncfh.org\\\/es\\\/#organization\"},\"potentialAction\":[{\"@type\":\"SearchAction\",\"target\":{\"@type\":\"EntryPoint\",\"urlTemplate\":\"https:\\\/\\\/www.ncfh.org\\\/es\\\/?s={search_term_string}\"},\"query-input\":{\"@type\":\"PropertyValueSpecification\",\"valueRequired\":true,\"valueName\":\"search_term_string\"}}],\"inLanguage\":\"es\"},{\"@type\":\"Organization\",\"@id\":\"https:\\\/\\\/www.ncfh.org\\\/es\\\/#organization\",\"name\":\"National Center for Farmworker Health\",\"url\":\"https:\\\/\\\/www.ncfh.org\\\/es\\\/\",\"logo\":{\"@type\":\"ImageObject\",\"inLanguage\":\"es\",\"@id\":\"https:\\\/\\\/www.ncfh.org\\\/es\\\/#\\\/schema\\\/logo\\\/image\\\/\",\"url\":\"https:\\\/\\\/www.ncfh.org\\\/wp-content\\\/uploads\\\/2024\\\/06\\\/Language-Access.png\",\"contentUrl\":\"https:\\\/\\\/www.ncfh.org\\\/wp-content\\\/uploads\\\/2024\\\/06\\\/Language-Access.png\",\"width\":1563,\"height\":1563,\"caption\":\"National Center for Farmworker Health\"},\"image\":{\"@id\":\"https:\\\/\\\/www.ncfh.org\\\/es\\\/#\\\/schema\\\/logo\\\/image\\\/\"}}]}<\/script>\n<!-- \/ Yoast SEO plugin. -->","yoast_head_json":{"title":"Becas NCFH - National Center for Farmworker Health","robots":{"index":"index","follow":"follow","max-snippet":"max-snippet:-1","max-image-preview":"max-image-preview:large","max-video-preview":"max-video-preview:-1"},"canonical":"https:\/\/www.ncfh.org\/es\/becas-ncfh\/","og_locale":"es_ES","og_type":"article","og_title":"Becas NCFH - National Center for Farmworker Health","og_description":"Premio Bobbi Ryder \u201cCampe\u00f3n de salud para migrantes\u201d Durante muchos a\u00f1os, NCFH ha invertido en el personal de los centros de salud comunitarios de disciplinas cl\u00ednicas, administrativas y auxiliares a [&hellip;]","og_url":"https:\/\/www.ncfh.org\/es\/becas-ncfh\/","og_site_name":"National Center for Farmworker Health","article_modified_time":"2025-08-15T21:47:55+00:00","twitter_card":"summary_large_image","twitter_misc":{"Tiempo de lectura":"1 minuto"},"schema":{"@context":"https:\/\/schema.org","@graph":[{"@type":"WebPage","@id":"https:\/\/www.ncfh.org\/es\/becas-ncfh\/","url":"https:\/\/www.ncfh.org\/es\/becas-ncfh\/","name":"Becas NCFH - National Center for Farmworker Health","isPartOf":{"@id":"https:\/\/www.ncfh.org\/es\/#website"},"datePublished":"2024-06-14T18:24:47+00:00","dateModified":"2025-08-15T21:47:55+00:00","breadcrumb":{"@id":"https:\/\/www.ncfh.org\/es\/becas-ncfh\/#breadcrumb"},"inLanguage":"es","potentialAction":[{"@type":"ReadAction","target":["https:\/\/www.ncfh.org\/es\/becas-ncfh\/"]}]},{"@type":"BreadcrumbList","@id":"https:\/\/www.ncfh.org\/es\/becas-ncfh\/#breadcrumb","itemListElement":[{"@type":"ListItem","position":1,"name":"Home","item":"https:\/\/www.ncfh.org\/es\/inicio\/"},{"@type":"ListItem","position":2,"name":"Becas NCFH"}]},{"@type":"WebSite","@id":"https:\/\/www.ncfh.org\/es\/#website","url":"https:\/\/www.ncfh.org\/es\/","name":"National Center for Farmworker Health","description":"","publisher":{"@id":"https:\/\/www.ncfh.org\/es\/#organization"},"potentialAction":[{"@type":"SearchAction","target":{"@type":"EntryPoint","urlTemplate":"https:\/\/www.ncfh.org\/es\/?s={search_term_string}"},"query-input":{"@type":"PropertyValueSpecification","valueRequired":true,"valueName":"search_term_string"}}],"inLanguage":"es"},{"@type":"Organization","@id":"https:\/\/www.ncfh.org\/es\/#organization","name":"National Center for Farmworker Health","url":"https:\/\/www.ncfh.org\/es\/","logo":{"@type":"ImageObject","inLanguage":"es","@id":"https:\/\/www.ncfh.org\/es\/#\/schema\/logo\/image\/","url":"https:\/\/www.ncfh.org\/wp-content\/uploads\/2024\/06\/Language-Access.png","contentUrl":"https:\/\/www.ncfh.org\/wp-content\/uploads\/2024\/06\/Language-Access.png","width":1563,"height":1563,"caption":"National Center for Farmworker Health"},"image":{"@id":"https:\/\/www.ncfh.org\/es\/#\/schema\/logo\/image\/"}}]}},"featured_image_src":null,"featured_image_src_square":null,"_links":{"self":[{"href":"https:\/\/www.ncfh.org\/es\/wp-json\/wp\/v2\/pages\/6960","targetHints":{"allow":["GET"]}}],"collection":[{"href":"https:\/\/www.ncfh.org\/es\/wp-json\/wp\/v2\/pages"}],"about":[{"href":"https:\/\/www.ncfh.org\/es\/wp-json\/wp\/v2\/types\/page"}],"author":[{"embeddable":true,"href":"https:\/\/www.ncfh.org\/es\/wp-json\/wp\/v2\/users\/4"}],"replies":[{"embeddable":true,"href":"https:\/\/www.ncfh.org\/es\/wp-json\/wp\/v2\/comments?post=6960"}],"version-history":[{"count":0,"href":"https:\/\/www.ncfh.org\/es\/wp-json\/wp\/v2\/pages\/6960\/revisions"}],"wp:attachment":[{"href":"https:\/\/www.ncfh.org\/es\/wp-json\/wp\/v2\/media?parent=6960"}],"curies":[{"name":"wp","href":"https:\/\/api.w.org\/{rel}","templated":true}]}}