{"id":8118,"date":"2024-08-15T11:17:37","date_gmt":"2024-08-15T16:17:37","guid":{"rendered":"https:\/\/www.ncfh.org\/alcance-a-trabajadores-con-visa-h-2a\/"},"modified":"2025-06-27T11:55:40","modified_gmt":"2025-06-27T16:55:40","slug":"alcance-a-trabajadores-con-visa-h-2a","status":"publish","type":"page","link":"https:\/\/www.ncfh.org\/es\/alcance-a-trabajadores-con-visa-h-2a\/","title":{"rendered":"Alcance a trabajadores con visa H-2A"},"content":{"rendered":"\n<p>El n\u00famero de trabajadores con visa H-2A sigue creciendo en muchas partes de los Estados Unidos y las organizaciones de trabajadores agr\u00edcolas se enfrentan a nuevos retos para llegar al creciente n\u00famero de trabajadores extranjeros en granjas. . NCFH tambi\u00e9n apoya el alcance de la red <a>Farmworker Outreach Network <\/a>dirigidas a los trabajadores extranjeros con visa H-2A. El personal del NCFH tambi\u00e9n realiza actividades de alcance para los trabajadores con visa H-2A a trav\u00e9s de los medios sociales y en persona en zonas con un alto crecimiento de visas H-2A o en comunidades que tienen pocos recursos para los trabajadores extranjeros H-2A. Contin\u00fae abajo para obtener m\u00e1s informaci\u00f3n y recursos sobre el alcance entre esta poblaci\u00f3n.  <\/p>\n\n<p><a id=\"_msocom_1\"><\/a><\/p>\n\n<p><\/p>\n","protected":false},"excerpt":{"rendered":"<p>El n\u00famero de trabajadores con visa H-2A sigue creciendo en muchas partes de los Estados Unidos y las organizaciones de trabajadores agr\u00edcolas se enfrentan a nuevos retos para llegar al [&hellip;]<\/p>\n","protected":false},"author":4,"featured_media":0,"parent":0,"menu_order":63,"comment_status":"closed","ping_status":"closed","template":"template-hclc.php","meta":{"_acf_changed":false,"footnotes":""},"class_list":["post-8118","page","type-page","status-publish","hentry"],"acf":[],"yoast_head":"<!-- This site is optimized with the Yoast SEO plugin v27.4 - https:\/\/yoast.com\/product\/yoast-seo-wordpress\/ -->\n<title>Alcance a trabajadores con visa H-2A - National Center for Farmworker Health<\/title>\n<meta name=\"robots\" content=\"index, follow, max-snippet:-1, max-image-preview:large, max-video-preview:-1\" \/>\n<link rel=\"canonical\" href=\"https:\/\/www.ncfh.org\/es\/alcance-a-trabajadores-con-visa-h-2a\/\" \/>\n<meta property=\"og:locale\" content=\"es_ES\" \/>\n<meta property=\"og:type\" content=\"article\" \/>\n<meta property=\"og:title\" content=\"Alcance a trabajadores con visa H-2A - National Center for Farmworker Health\" \/>\n<meta property=\"og:description\" content=\"El n\u00famero de trabajadores con visa H-2A sigue creciendo en muchas partes de los Estados Unidos y las organizaciones de trabajadores agr\u00edcolas se enfrentan a nuevos retos para llegar al [&hellip;]\" \/>\n<meta property=\"og:url\" content=\"https:\/\/www.ncfh.org\/es\/alcance-a-trabajadores-con-visa-h-2a\/\" \/>\n<meta property=\"og:site_name\" content=\"National Center for Farmworker Health\" \/>\n<meta property=\"article:modified_time\" content=\"2025-06-27T16:55:40+00:00\" \/>\n<meta name=\"twitter:card\" content=\"summary_large_image\" \/>\n<meta name=\"twitter:label1\" content=\"Tiempo de lectura\" \/>\n\t<meta name=\"twitter:data1\" content=\"1 minuto\" \/>\n<script type=\"application\/ld+json\" class=\"yoast-schema-graph\">{\"@context\":\"https:\\\/\\\/schema.org\",\"@graph\":[{\"@type\":\"WebPage\",\"@id\":\"https:\\\/\\\/www.ncfh.org\\\/es\\\/alcance-a-trabajadores-con-visa-h-2a\\\/\",\"url\":\"https:\\\/\\\/www.ncfh.org\\\/es\\\/alcance-a-trabajadores-con-visa-h-2a\\\/\",\"name\":\"Alcance a trabajadores con visa H-2A - National Center for Farmworker Health\",\"isPartOf\":{\"@id\":\"https:\\\/\\\/www.ncfh.org\\\/es\\\/#website\"},\"datePublished\":\"2024-08-15T16:17:37+00:00\",\"dateModified\":\"2025-06-27T16:55:40+00:00\",\"breadcrumb\":{\"@id\":\"https:\\\/\\\/www.ncfh.org\\\/es\\\/alcance-a-trabajadores-con-visa-h-2a\\\/#breadcrumb\"},\"inLanguage\":\"es\",\"potentialAction\":[{\"@type\":\"ReadAction\",\"target\":[\"https:\\\/\\\/www.ncfh.org\\\/es\\\/alcance-a-trabajadores-con-visa-h-2a\\\/\"]}]},{\"@type\":\"BreadcrumbList\",\"@id\":\"https:\\\/\\\/www.ncfh.org\\\/es\\\/alcance-a-trabajadores-con-visa-h-2a\\\/#breadcrumb\",\"itemListElement\":[{\"@type\":\"ListItem\",\"position\":1,\"name\":\"Home\",\"item\":\"https:\\\/\\\/www.ncfh.org\\\/es\\\/inicio\\\/\"},{\"@type\":\"ListItem\",\"position\":2,\"name\":\"Alcance a trabajadores con visa H-2A\"}]},{\"@type\":\"WebSite\",\"@id\":\"https:\\\/\\\/www.ncfh.org\\\/es\\\/#website\",\"url\":\"https:\\\/\\\/www.ncfh.org\\\/es\\\/\",\"name\":\"National Center for Farmworker Health\",\"description\":\"\",\"publisher\":{\"@id\":\"https:\\\/\\\/www.ncfh.org\\\/es\\\/#organization\"},\"potentialAction\":[{\"@type\":\"SearchAction\",\"target\":{\"@type\":\"EntryPoint\",\"urlTemplate\":\"https:\\\/\\\/www.ncfh.org\\\/es\\\/?s={search_term_string}\"},\"query-input\":{\"@type\":\"PropertyValueSpecification\",\"valueRequired\":true,\"valueName\":\"search_term_string\"}}],\"inLanguage\":\"es\"},{\"@type\":\"Organization\",\"@id\":\"https:\\\/\\\/www.ncfh.org\\\/es\\\/#organization\",\"name\":\"National Center for Farmworker Health\",\"url\":\"https:\\\/\\\/www.ncfh.org\\\/es\\\/\",\"logo\":{\"@type\":\"ImageObject\",\"inLanguage\":\"es\",\"@id\":\"https:\\\/\\\/www.ncfh.org\\\/es\\\/#\\\/schema\\\/logo\\\/image\\\/\",\"url\":\"https:\\\/\\\/www.ncfh.org\\\/wp-content\\\/uploads\\\/2024\\\/06\\\/Language-Access.png\",\"contentUrl\":\"https:\\\/\\\/www.ncfh.org\\\/wp-content\\\/uploads\\\/2024\\\/06\\\/Language-Access.png\",\"width\":1563,\"height\":1563,\"caption\":\"National Center for Farmworker Health\"},\"image\":{\"@id\":\"https:\\\/\\\/www.ncfh.org\\\/es\\\/#\\\/schema\\\/logo\\\/image\\\/\"}}]}<\/script>\n<!-- \/ Yoast SEO plugin. -->","yoast_head_json":{"title":"Alcance a trabajadores con visa H-2A - National Center for Farmworker Health","robots":{"index":"index","follow":"follow","max-snippet":"max-snippet:-1","max-image-preview":"max-image-preview:large","max-video-preview":"max-video-preview:-1"},"canonical":"https:\/\/www.ncfh.org\/es\/alcance-a-trabajadores-con-visa-h-2a\/","og_locale":"es_ES","og_type":"article","og_title":"Alcance a trabajadores con visa H-2A - National Center for Farmworker Health","og_description":"El n\u00famero de trabajadores con visa H-2A sigue creciendo en muchas partes de los Estados Unidos y las organizaciones de trabajadores agr\u00edcolas se enfrentan a nuevos retos para llegar al [&hellip;]","og_url":"https:\/\/www.ncfh.org\/es\/alcance-a-trabajadores-con-visa-h-2a\/","og_site_name":"National Center for Farmworker Health","article_modified_time":"2025-06-27T16:55:40+00:00","twitter_card":"summary_large_image","twitter_misc":{"Tiempo de lectura":"1 minuto"},"schema":{"@context":"https:\/\/schema.org","@graph":[{"@type":"WebPage","@id":"https:\/\/www.ncfh.org\/es\/alcance-a-trabajadores-con-visa-h-2a\/","url":"https:\/\/www.ncfh.org\/es\/alcance-a-trabajadores-con-visa-h-2a\/","name":"Alcance a trabajadores con visa H-2A - National Center for Farmworker Health","isPartOf":{"@id":"https:\/\/www.ncfh.org\/es\/#website"},"datePublished":"2024-08-15T16:17:37+00:00","dateModified":"2025-06-27T16:55:40+00:00","breadcrumb":{"@id":"https:\/\/www.ncfh.org\/es\/alcance-a-trabajadores-con-visa-h-2a\/#breadcrumb"},"inLanguage":"es","potentialAction":[{"@type":"ReadAction","target":["https:\/\/www.ncfh.org\/es\/alcance-a-trabajadores-con-visa-h-2a\/"]}]},{"@type":"BreadcrumbList","@id":"https:\/\/www.ncfh.org\/es\/alcance-a-trabajadores-con-visa-h-2a\/#breadcrumb","itemListElement":[{"@type":"ListItem","position":1,"name":"Home","item":"https:\/\/www.ncfh.org\/es\/inicio\/"},{"@type":"ListItem","position":2,"name":"Alcance a trabajadores con visa H-2A"}]},{"@type":"WebSite","@id":"https:\/\/www.ncfh.org\/es\/#website","url":"https:\/\/www.ncfh.org\/es\/","name":"National Center for Farmworker Health","description":"","publisher":{"@id":"https:\/\/www.ncfh.org\/es\/#organization"},"potentialAction":[{"@type":"SearchAction","target":{"@type":"EntryPoint","urlTemplate":"https:\/\/www.ncfh.org\/es\/?s={search_term_string}"},"query-input":{"@type":"PropertyValueSpecification","valueRequired":true,"valueName":"search_term_string"}}],"inLanguage":"es"},{"@type":"Organization","@id":"https:\/\/www.ncfh.org\/es\/#organization","name":"National Center for Farmworker Health","url":"https:\/\/www.ncfh.org\/es\/","logo":{"@type":"ImageObject","inLanguage":"es","@id":"https:\/\/www.ncfh.org\/es\/#\/schema\/logo\/image\/","url":"https:\/\/www.ncfh.org\/wp-content\/uploads\/2024\/06\/Language-Access.png","contentUrl":"https:\/\/www.ncfh.org\/wp-content\/uploads\/2024\/06\/Language-Access.png","width":1563,"height":1563,"caption":"National Center for Farmworker Health"},"image":{"@id":"https:\/\/www.ncfh.org\/es\/#\/schema\/logo\/image\/"}}]}},"featured_image_src":null,"featured_image_src_square":null,"_links":{"self":[{"href":"https:\/\/www.ncfh.org\/es\/wp-json\/wp\/v2\/pages\/8118","targetHints":{"allow":["GET"]}}],"collection":[{"href":"https:\/\/www.ncfh.org\/es\/wp-json\/wp\/v2\/pages"}],"about":[{"href":"https:\/\/www.ncfh.org\/es\/wp-json\/wp\/v2\/types\/page"}],"author":[{"embeddable":true,"href":"https:\/\/www.ncfh.org\/es\/wp-json\/wp\/v2\/users\/4"}],"replies":[{"embeddable":true,"href":"https:\/\/www.ncfh.org\/es\/wp-json\/wp\/v2\/comments?post=8118"}],"version-history":[{"count":0,"href":"https:\/\/www.ncfh.org\/es\/wp-json\/wp\/v2\/pages\/8118\/revisions"}],"wp:attachment":[{"href":"https:\/\/www.ncfh.org\/es\/wp-json\/wp\/v2\/media?parent=8118"}],"curies":[{"name":"wp","href":"https:\/\/api.w.org\/{rel}","templated":true}]}}