{"id":8283,"date":"2024-04-20T06:46:50","date_gmt":"2024-04-20T11:46:50","guid":{"rendered":"https:\/\/www.ncfh.org\/?page_id=8283"},"modified":"2025-10-24T14:10:39","modified_gmt":"2025-10-24T19:10:39","slug":"centro-de-enfermedades-infecciosas","status":"publish","type":"page","link":"https:\/\/www.ncfh.org\/es\/centro-de-enfermedades-infecciosas\/","title":{"rendered":"Centro de Enfermedades Infecciosas"},"content":{"rendered":"\n<p>\u00a1Bienvenido al Centro de Enfermedades Infecciosas del Centro Nacional para la Salud de los Trabajadores Agr\u00edcolas! Este centro est\u00e1 dise\u00f1ado para proporcionar informaci\u00f3n y recursos para los trabajadores agr\u00edcolas y sus familias sobre algunas de las enfermedades infecciosas m\u00e1s comunes y sus vacunas asociadas, tales como H5N1, COVID-19, la gripe, el t\u00e9tanos, la difteria, la tos ferina, la tuberculosis y la enfermedad de Lyme.<\/p>\n\n\n\n<p><\/p>\n\n\n\n<p>Puede descargar nuestra lista de evaluaci\u00f3n en <a href=\"https:\/\/www.ncfh.org\/wp-content\/uploads\/2024\/10\/assessment_for_farmworker-friendly_materials__print_.pdf\" target=\"_blank\" rel=\"noreferrer noopener\">ingl\u00e9s<\/a> y <a href=\"https:\/\/www.ncfh.org\/wp-content\/uploads\/2025\/05\/evaluaciOn_de_materiales_adecuados_para_trabajadores_agrIcolas_.pdf\" target=\"_blank\" rel=\"noreferrer noopener\">espa\u00f1ol<\/a>.\u00a0<br>\u200b<br>Las vacunas son una forma segura y eficaz de protegerse contra muchas enfermedades infecciosas, incluidas las que se describen en este sitio web. Vacunarse no s\u00f3lo protege a una persona de enfermarse, sino que tambi\u00e9n ayuda a prevenir la propagaci\u00f3n de la enfermedad a otros. Animamos a los trabajadores agr\u00edcolas y a sus familias a consultar con sus proveedores de atenci\u00f3n m\u00e9dica sobre las vacunas recomendadas para ellos, incluida la vacuna COVID-19 y las vacunas de refuerzo COVID-19.\u00a0<\/p>\n","protected":false},"excerpt":{"rendered":"<p>\u00a1Bienvenido al Centro de Enfermedades Infecciosas del Centro Nacional para la Salud de los Trabajadores Agr\u00edcolas! Este centro est\u00e1 dise\u00f1ado para proporcionar informaci\u00f3n y recursos para los trabajadores agr\u00edcolas y [&hellip;]<\/p>\n","protected":false},"author":6,"featured_media":0,"parent":0,"menu_order":98,"comment_status":"closed","ping_status":"closed","template":"template-resource-hub-infectious.php","meta":{"_acf_changed":true,"footnotes":""},"class_list":["post-8283","page","type-page","status-publish","hentry"],"acf":[],"yoast_head":"<!-- This site is optimized with the Yoast SEO plugin v27.3 - https:\/\/yoast.com\/product\/yoast-seo-wordpress\/ -->\n<title>Centro de Enfermedades Infecciosas - National Center for Farmworker Health<\/title>\n<meta name=\"robots\" content=\"index, follow, max-snippet:-1, max-image-preview:large, max-video-preview:-1\" \/>\n<link rel=\"canonical\" href=\"https:\/\/www.ncfh.org\/es\/centro-de-enfermedades-infecciosas\/\" \/>\n<meta property=\"og:locale\" content=\"es_ES\" \/>\n<meta property=\"og:type\" content=\"article\" \/>\n<meta property=\"og:title\" content=\"Centro de Enfermedades Infecciosas - National Center for Farmworker Health\" \/>\n<meta property=\"og:description\" content=\"\u00a1Bienvenido al Centro de Enfermedades Infecciosas del Centro Nacional para la Salud de los Trabajadores Agr\u00edcolas! Este centro est\u00e1 dise\u00f1ado para proporcionar informaci\u00f3n y recursos para los trabajadores agr\u00edcolas y [&hellip;]\" \/>\n<meta property=\"og:url\" content=\"https:\/\/www.ncfh.org\/es\/centro-de-enfermedades-infecciosas\/\" \/>\n<meta property=\"og:site_name\" content=\"National Center for Farmworker Health\" \/>\n<meta property=\"article:modified_time\" content=\"2025-10-24T19:10:39+00:00\" \/>\n<meta name=\"twitter:card\" content=\"summary_large_image\" \/>\n<meta name=\"twitter:label1\" content=\"Tiempo de lectura\" \/>\n\t<meta name=\"twitter:data1\" content=\"1 minuto\" \/>\n<script type=\"application\/ld+json\" class=\"yoast-schema-graph\">{\"@context\":\"https:\\\/\\\/schema.org\",\"@graph\":[{\"@type\":\"WebPage\",\"@id\":\"https:\\\/\\\/www.ncfh.org\\\/es\\\/centro-de-enfermedades-infecciosas\\\/\",\"url\":\"https:\\\/\\\/www.ncfh.org\\\/es\\\/centro-de-enfermedades-infecciosas\\\/\",\"name\":\"Centro de Enfermedades Infecciosas - National Center for Farmworker Health\",\"isPartOf\":{\"@id\":\"https:\\\/\\\/www.ncfh.org\\\/es\\\/#website\"},\"datePublished\":\"2024-04-20T11:46:50+00:00\",\"dateModified\":\"2025-10-24T19:10:39+00:00\",\"breadcrumb\":{\"@id\":\"https:\\\/\\\/www.ncfh.org\\\/es\\\/centro-de-enfermedades-infecciosas\\\/#breadcrumb\"},\"inLanguage\":\"es\",\"potentialAction\":[{\"@type\":\"ReadAction\",\"target\":[\"https:\\\/\\\/www.ncfh.org\\\/es\\\/centro-de-enfermedades-infecciosas\\\/\"]}]},{\"@type\":\"BreadcrumbList\",\"@id\":\"https:\\\/\\\/www.ncfh.org\\\/es\\\/centro-de-enfermedades-infecciosas\\\/#breadcrumb\",\"itemListElement\":[{\"@type\":\"ListItem\",\"position\":1,\"name\":\"Home\",\"item\":\"https:\\\/\\\/www.ncfh.org\\\/es\\\/inicio\\\/\"},{\"@type\":\"ListItem\",\"position\":2,\"name\":\"Centro de Enfermedades Infecciosas\"}]},{\"@type\":\"WebSite\",\"@id\":\"https:\\\/\\\/www.ncfh.org\\\/es\\\/#website\",\"url\":\"https:\\\/\\\/www.ncfh.org\\\/es\\\/\",\"name\":\"National Center for Farmworker Health\",\"description\":\"\",\"publisher\":{\"@id\":\"https:\\\/\\\/www.ncfh.org\\\/es\\\/#organization\"},\"potentialAction\":[{\"@type\":\"SearchAction\",\"target\":{\"@type\":\"EntryPoint\",\"urlTemplate\":\"https:\\\/\\\/www.ncfh.org\\\/es\\\/?s={search_term_string}\"},\"query-input\":{\"@type\":\"PropertyValueSpecification\",\"valueRequired\":true,\"valueName\":\"search_term_string\"}}],\"inLanguage\":\"es\"},{\"@type\":\"Organization\",\"@id\":\"https:\\\/\\\/www.ncfh.org\\\/es\\\/#organization\",\"name\":\"National Center for Farmworker Health\",\"url\":\"https:\\\/\\\/www.ncfh.org\\\/es\\\/\",\"logo\":{\"@type\":\"ImageObject\",\"inLanguage\":\"es\",\"@id\":\"https:\\\/\\\/www.ncfh.org\\\/es\\\/#\\\/schema\\\/logo\\\/image\\\/\",\"url\":\"https:\\\/\\\/www.ncfh.org\\\/wp-content\\\/uploads\\\/2024\\\/06\\\/Language-Access.png\",\"contentUrl\":\"https:\\\/\\\/www.ncfh.org\\\/wp-content\\\/uploads\\\/2024\\\/06\\\/Language-Access.png\",\"width\":1563,\"height\":1563,\"caption\":\"National Center for Farmworker Health\"},\"image\":{\"@id\":\"https:\\\/\\\/www.ncfh.org\\\/es\\\/#\\\/schema\\\/logo\\\/image\\\/\"}}]}<\/script>\n<!-- \/ Yoast SEO plugin. -->","yoast_head_json":{"title":"Centro de Enfermedades Infecciosas - National Center for Farmworker Health","robots":{"index":"index","follow":"follow","max-snippet":"max-snippet:-1","max-image-preview":"max-image-preview:large","max-video-preview":"max-video-preview:-1"},"canonical":"https:\/\/www.ncfh.org\/es\/centro-de-enfermedades-infecciosas\/","og_locale":"es_ES","og_type":"article","og_title":"Centro de Enfermedades Infecciosas - National Center for Farmworker Health","og_description":"\u00a1Bienvenido al Centro de Enfermedades Infecciosas del Centro Nacional para la Salud de los Trabajadores Agr\u00edcolas! Este centro est\u00e1 dise\u00f1ado para proporcionar informaci\u00f3n y recursos para los trabajadores agr\u00edcolas y [&hellip;]","og_url":"https:\/\/www.ncfh.org\/es\/centro-de-enfermedades-infecciosas\/","og_site_name":"National Center for Farmworker Health","article_modified_time":"2025-10-24T19:10:39+00:00","twitter_card":"summary_large_image","twitter_misc":{"Tiempo de lectura":"1 minuto"},"schema":{"@context":"https:\/\/schema.org","@graph":[{"@type":"WebPage","@id":"https:\/\/www.ncfh.org\/es\/centro-de-enfermedades-infecciosas\/","url":"https:\/\/www.ncfh.org\/es\/centro-de-enfermedades-infecciosas\/","name":"Centro de Enfermedades Infecciosas - National Center for Farmworker Health","isPartOf":{"@id":"https:\/\/www.ncfh.org\/es\/#website"},"datePublished":"2024-04-20T11:46:50+00:00","dateModified":"2025-10-24T19:10:39+00:00","breadcrumb":{"@id":"https:\/\/www.ncfh.org\/es\/centro-de-enfermedades-infecciosas\/#breadcrumb"},"inLanguage":"es","potentialAction":[{"@type":"ReadAction","target":["https:\/\/www.ncfh.org\/es\/centro-de-enfermedades-infecciosas\/"]}]},{"@type":"BreadcrumbList","@id":"https:\/\/www.ncfh.org\/es\/centro-de-enfermedades-infecciosas\/#breadcrumb","itemListElement":[{"@type":"ListItem","position":1,"name":"Home","item":"https:\/\/www.ncfh.org\/es\/inicio\/"},{"@type":"ListItem","position":2,"name":"Centro de Enfermedades Infecciosas"}]},{"@type":"WebSite","@id":"https:\/\/www.ncfh.org\/es\/#website","url":"https:\/\/www.ncfh.org\/es\/","name":"National Center for Farmworker Health","description":"","publisher":{"@id":"https:\/\/www.ncfh.org\/es\/#organization"},"potentialAction":[{"@type":"SearchAction","target":{"@type":"EntryPoint","urlTemplate":"https:\/\/www.ncfh.org\/es\/?s={search_term_string}"},"query-input":{"@type":"PropertyValueSpecification","valueRequired":true,"valueName":"search_term_string"}}],"inLanguage":"es"},{"@type":"Organization","@id":"https:\/\/www.ncfh.org\/es\/#organization","name":"National Center for Farmworker Health","url":"https:\/\/www.ncfh.org\/es\/","logo":{"@type":"ImageObject","inLanguage":"es","@id":"https:\/\/www.ncfh.org\/es\/#\/schema\/logo\/image\/","url":"https:\/\/www.ncfh.org\/wp-content\/uploads\/2024\/06\/Language-Access.png","contentUrl":"https:\/\/www.ncfh.org\/wp-content\/uploads\/2024\/06\/Language-Access.png","width":1563,"height":1563,"caption":"National Center for Farmworker Health"},"image":{"@id":"https:\/\/www.ncfh.org\/es\/#\/schema\/logo\/image\/"}}]}},"featured_image_src":null,"featured_image_src_square":null,"_links":{"self":[{"href":"https:\/\/www.ncfh.org\/es\/wp-json\/wp\/v2\/pages\/8283","targetHints":{"allow":["GET"]}}],"collection":[{"href":"https:\/\/www.ncfh.org\/es\/wp-json\/wp\/v2\/pages"}],"about":[{"href":"https:\/\/www.ncfh.org\/es\/wp-json\/wp\/v2\/types\/page"}],"author":[{"embeddable":true,"href":"https:\/\/www.ncfh.org\/es\/wp-json\/wp\/v2\/users\/6"}],"replies":[{"embeddable":true,"href":"https:\/\/www.ncfh.org\/es\/wp-json\/wp\/v2\/comments?post=8283"}],"version-history":[{"count":0,"href":"https:\/\/www.ncfh.org\/es\/wp-json\/wp\/v2\/pages\/8283\/revisions"}],"wp:attachment":[{"href":"https:\/\/www.ncfh.org\/es\/wp-json\/wp\/v2\/media?parent=8283"}],"curies":[{"name":"wp","href":"https:\/\/api.w.org\/{rel}","templated":true}]}}