{"id":8385,"date":"2024-06-13T14:56:00","date_gmt":"2024-06-13T19:56:00","guid":{"rendered":"https:\/\/www.ncfh.org\/centro-de-recursos-de-salud-sexual\/"},"modified":"2025-07-31T17:24:45","modified_gmt":"2025-07-31T22:24:45","slug":"centro-de-recursos-de-salud-sexual","status":"publish","type":"page","link":"https:\/\/www.ncfh.org\/es\/centro-de-recursos-de-salud-sexual\/","title":{"rendered":"Centro de Recursos de Salud Sexual"},"content":{"rendered":"\n<p>NCFH ha desarrollado el Centro de Recursos de Salud Sexual (SHRH, por sus siglas en ingl\u00e9s) para compartir informaci\u00f3n y recursos vitales sobre la salud sexual, incluyendo las infecciones de transmisi\u00f3n sexual (ITS), el Virus de la Inmunodeficiencia Humana (VIH), el s\u00edndrome de inmunodeficiencia adquirida (SIDA), y m\u00e1s, dirigido a los Trabajadores Agr\u00edcolas Migrantes y de Temporada (MSAWs, por sus siglas en ingl\u00e9s) y a los proveedores de atenci\u00f3n m\u00e9dica que atienden a esta poblaci\u00f3n. El SHRH ofrece acceso a recursos educativos sobre salud sexual, como infograf\u00edas, folletos, y otros materiales desarrollados por NCFH y otras organizaciones nacionales como los Centros para el Control y la Prevenci\u00f3n de Enfermedades (CDC), la Organizaci\u00f3n Mundial de la Salud (OMS), entre otros. <\/p>\n\n<div style=\"color:#ddd\" class=\"wp-block-genesis-blocks-gb-spacer gb-block-spacer gb-divider-solid gb-divider-size-1\"><hr style=\"height:30px\"><\/div>\n\n<h2 class=\"wp-block-heading\">\u00bfQu\u00e9 es la salud sexual?<\/h2>\n\n<div style=\"color:#ddd\" class=\"wp-block-genesis-blocks-gb-spacer gb-block-spacer gb-divider-solid gb-divider-size-1\"><hr style=\"height:4px\"><\/div>\n\n<p>La Organizaci\u00f3n Mundial de la Salud (OMS) define la salud sexual como un estado de bienestar f\u00edsico, emocional, mental y social en relaci\u00f3n con la sexualidad; no es simplemente la ausencia de enfermedad, disfunci\u00f3n o incapacidad. La salud sexual requiere un enfoque positivo y respetuoso hacia la sexualidad y las relaciones sexuales, as\u00ed como la posibilidad de tener experiencias sexuales placenteras y seguras. <\/p>\n","protected":false},"excerpt":{"rendered":"<p>NCFH ha desarrollado el Centro de Recursos de Salud Sexual (SHRH, por sus siglas en ingl\u00e9s) para compartir informaci\u00f3n y recursos vitales sobre la salud sexual, incluyendo las infecciones de [&hellip;]<\/p>\n","protected":false},"author":4,"featured_media":0,"parent":0,"menu_order":83,"comment_status":"closed","ping_status":"closed","template":"template-resource-hub-diabetes.php","meta":{"_acf_changed":false,"footnotes":""},"class_list":["post-8385","page","type-page","status-publish","hentry"],"acf":[],"yoast_head":"<!-- This site is optimized with the Yoast SEO plugin v27.4 - https:\/\/yoast.com\/product\/yoast-seo-wordpress\/ -->\n<title>Centro de Recursos de Salud Sexual - National Center for Farmworker Health<\/title>\n<meta name=\"robots\" content=\"index, follow, max-snippet:-1, max-image-preview:large, max-video-preview:-1\" \/>\n<link rel=\"canonical\" href=\"https:\/\/www.ncfh.org\/es\/centro-de-recursos-de-salud-sexual\/\" \/>\n<meta property=\"og:locale\" content=\"es_ES\" \/>\n<meta property=\"og:type\" content=\"article\" \/>\n<meta property=\"og:title\" content=\"Centro de Recursos de Salud Sexual - National Center for Farmworker Health\" \/>\n<meta property=\"og:description\" content=\"NCFH ha desarrollado el Centro de Recursos de Salud Sexual (SHRH, por sus siglas en ingl\u00e9s) para compartir informaci\u00f3n y recursos vitales sobre la salud sexual, incluyendo las infecciones de [&hellip;]\" \/>\n<meta property=\"og:url\" content=\"https:\/\/www.ncfh.org\/es\/centro-de-recursos-de-salud-sexual\/\" \/>\n<meta property=\"og:site_name\" content=\"National Center for Farmworker Health\" \/>\n<meta property=\"article:modified_time\" content=\"2025-07-31T22:24:45+00:00\" \/>\n<meta name=\"twitter:card\" content=\"summary_large_image\" \/>\n<meta name=\"twitter:label1\" content=\"Tiempo de lectura\" \/>\n\t<meta name=\"twitter:data1\" content=\"1 minuto\" \/>\n<script type=\"application\/ld+json\" class=\"yoast-schema-graph\">{\"@context\":\"https:\\\/\\\/schema.org\",\"@graph\":[{\"@type\":\"WebPage\",\"@id\":\"https:\\\/\\\/www.ncfh.org\\\/es\\\/centro-de-recursos-de-salud-sexual\\\/\",\"url\":\"https:\\\/\\\/www.ncfh.org\\\/es\\\/centro-de-recursos-de-salud-sexual\\\/\",\"name\":\"Centro de Recursos de Salud Sexual - National Center for Farmworker Health\",\"isPartOf\":{\"@id\":\"https:\\\/\\\/www.ncfh.org\\\/es\\\/#website\"},\"datePublished\":\"2024-06-13T19:56:00+00:00\",\"dateModified\":\"2025-07-31T22:24:45+00:00\",\"breadcrumb\":{\"@id\":\"https:\\\/\\\/www.ncfh.org\\\/es\\\/centro-de-recursos-de-salud-sexual\\\/#breadcrumb\"},\"inLanguage\":\"es\",\"potentialAction\":[{\"@type\":\"ReadAction\",\"target\":[\"https:\\\/\\\/www.ncfh.org\\\/es\\\/centro-de-recursos-de-salud-sexual\\\/\"]}]},{\"@type\":\"BreadcrumbList\",\"@id\":\"https:\\\/\\\/www.ncfh.org\\\/es\\\/centro-de-recursos-de-salud-sexual\\\/#breadcrumb\",\"itemListElement\":[{\"@type\":\"ListItem\",\"position\":1,\"name\":\"Home\",\"item\":\"https:\\\/\\\/www.ncfh.org\\\/es\\\/inicio\\\/\"},{\"@type\":\"ListItem\",\"position\":2,\"name\":\"Centro de Recursos de Salud Sexual\"}]},{\"@type\":\"WebSite\",\"@id\":\"https:\\\/\\\/www.ncfh.org\\\/es\\\/#website\",\"url\":\"https:\\\/\\\/www.ncfh.org\\\/es\\\/\",\"name\":\"National Center for Farmworker Health\",\"description\":\"\",\"publisher\":{\"@id\":\"https:\\\/\\\/www.ncfh.org\\\/es\\\/#organization\"},\"potentialAction\":[{\"@type\":\"SearchAction\",\"target\":{\"@type\":\"EntryPoint\",\"urlTemplate\":\"https:\\\/\\\/www.ncfh.org\\\/es\\\/?s={search_term_string}\"},\"query-input\":{\"@type\":\"PropertyValueSpecification\",\"valueRequired\":true,\"valueName\":\"search_term_string\"}}],\"inLanguage\":\"es\"},{\"@type\":\"Organization\",\"@id\":\"https:\\\/\\\/www.ncfh.org\\\/es\\\/#organization\",\"name\":\"National Center for Farmworker Health\",\"url\":\"https:\\\/\\\/www.ncfh.org\\\/es\\\/\",\"logo\":{\"@type\":\"ImageObject\",\"inLanguage\":\"es\",\"@id\":\"https:\\\/\\\/www.ncfh.org\\\/es\\\/#\\\/schema\\\/logo\\\/image\\\/\",\"url\":\"https:\\\/\\\/www.ncfh.org\\\/wp-content\\\/uploads\\\/2024\\\/06\\\/Language-Access.png\",\"contentUrl\":\"https:\\\/\\\/www.ncfh.org\\\/wp-content\\\/uploads\\\/2024\\\/06\\\/Language-Access.png\",\"width\":1563,\"height\":1563,\"caption\":\"National Center for Farmworker Health\"},\"image\":{\"@id\":\"https:\\\/\\\/www.ncfh.org\\\/es\\\/#\\\/schema\\\/logo\\\/image\\\/\"}}]}<\/script>\n<!-- \/ Yoast SEO plugin. -->","yoast_head_json":{"title":"Centro de Recursos de Salud Sexual - National Center for Farmworker Health","robots":{"index":"index","follow":"follow","max-snippet":"max-snippet:-1","max-image-preview":"max-image-preview:large","max-video-preview":"max-video-preview:-1"},"canonical":"https:\/\/www.ncfh.org\/es\/centro-de-recursos-de-salud-sexual\/","og_locale":"es_ES","og_type":"article","og_title":"Centro de Recursos de Salud Sexual - National Center for Farmworker Health","og_description":"NCFH ha desarrollado el Centro de Recursos de Salud Sexual (SHRH, por sus siglas en ingl\u00e9s) para compartir informaci\u00f3n y recursos vitales sobre la salud sexual, incluyendo las infecciones de [&hellip;]","og_url":"https:\/\/www.ncfh.org\/es\/centro-de-recursos-de-salud-sexual\/","og_site_name":"National Center for Farmworker Health","article_modified_time":"2025-07-31T22:24:45+00:00","twitter_card":"summary_large_image","twitter_misc":{"Tiempo de lectura":"1 minuto"},"schema":{"@context":"https:\/\/schema.org","@graph":[{"@type":"WebPage","@id":"https:\/\/www.ncfh.org\/es\/centro-de-recursos-de-salud-sexual\/","url":"https:\/\/www.ncfh.org\/es\/centro-de-recursos-de-salud-sexual\/","name":"Centro de Recursos de Salud Sexual - National Center for Farmworker Health","isPartOf":{"@id":"https:\/\/www.ncfh.org\/es\/#website"},"datePublished":"2024-06-13T19:56:00+00:00","dateModified":"2025-07-31T22:24:45+00:00","breadcrumb":{"@id":"https:\/\/www.ncfh.org\/es\/centro-de-recursos-de-salud-sexual\/#breadcrumb"},"inLanguage":"es","potentialAction":[{"@type":"ReadAction","target":["https:\/\/www.ncfh.org\/es\/centro-de-recursos-de-salud-sexual\/"]}]},{"@type":"BreadcrumbList","@id":"https:\/\/www.ncfh.org\/es\/centro-de-recursos-de-salud-sexual\/#breadcrumb","itemListElement":[{"@type":"ListItem","position":1,"name":"Home","item":"https:\/\/www.ncfh.org\/es\/inicio\/"},{"@type":"ListItem","position":2,"name":"Centro de Recursos de Salud Sexual"}]},{"@type":"WebSite","@id":"https:\/\/www.ncfh.org\/es\/#website","url":"https:\/\/www.ncfh.org\/es\/","name":"National Center for Farmworker Health","description":"","publisher":{"@id":"https:\/\/www.ncfh.org\/es\/#organization"},"potentialAction":[{"@type":"SearchAction","target":{"@type":"EntryPoint","urlTemplate":"https:\/\/www.ncfh.org\/es\/?s={search_term_string}"},"query-input":{"@type":"PropertyValueSpecification","valueRequired":true,"valueName":"search_term_string"}}],"inLanguage":"es"},{"@type":"Organization","@id":"https:\/\/www.ncfh.org\/es\/#organization","name":"National Center for Farmworker Health","url":"https:\/\/www.ncfh.org\/es\/","logo":{"@type":"ImageObject","inLanguage":"es","@id":"https:\/\/www.ncfh.org\/es\/#\/schema\/logo\/image\/","url":"https:\/\/www.ncfh.org\/wp-content\/uploads\/2024\/06\/Language-Access.png","contentUrl":"https:\/\/www.ncfh.org\/wp-content\/uploads\/2024\/06\/Language-Access.png","width":1563,"height":1563,"caption":"National Center for Farmworker Health"},"image":{"@id":"https:\/\/www.ncfh.org\/es\/#\/schema\/logo\/image\/"}}]}},"featured_image_src":null,"featured_image_src_square":null,"_links":{"self":[{"href":"https:\/\/www.ncfh.org\/es\/wp-json\/wp\/v2\/pages\/8385","targetHints":{"allow":["GET"]}}],"collection":[{"href":"https:\/\/www.ncfh.org\/es\/wp-json\/wp\/v2\/pages"}],"about":[{"href":"https:\/\/www.ncfh.org\/es\/wp-json\/wp\/v2\/types\/page"}],"author":[{"embeddable":true,"href":"https:\/\/www.ncfh.org\/es\/wp-json\/wp\/v2\/users\/4"}],"replies":[{"embeddable":true,"href":"https:\/\/www.ncfh.org\/es\/wp-json\/wp\/v2\/comments?post=8385"}],"version-history":[{"count":0,"href":"https:\/\/www.ncfh.org\/es\/wp-json\/wp\/v2\/pages\/8385\/revisions"}],"wp:attachment":[{"href":"https:\/\/www.ncfh.org\/es\/wp-json\/wp\/v2\/media?parent=8385"}],"curies":[{"name":"wp","href":"https:\/\/api.w.org\/{rel}","templated":true}]}}