{"id":8440,"date":"2025-05-12T08:08:31","date_gmt":"2025-05-12T13:08:31","guid":{"rendered":"https:\/\/www.ncfh.org\/?page_id=8440"},"modified":"2025-08-14T15:18:08","modified_gmt":"2025-08-14T20:18:08","slug":"h5n1-bird-flu-resources","status":"publish","type":"page","link":"https:\/\/www.ncfh.org\/es\/centro-de-enfermedades-infecciosas\/h5n1-bird-flu-resources\/","title":{"rendered":"H5N1 Bird Flu Resources"},"content":{"rendered":"\n<h2 class=\"wp-block-heading\">Recursos educativos sobre la gripe aviar H5N1 para los trabajadores de la industria lechera<\/h2>\n\n\n\n<p class=\"has-text-align-left\">NCFH ha desarrollado recursos sobre la influenza aviar H5N1, tambi\u00e9n conocida como gripe aviar, para los centros de salud y organizaciones que atienden a los trabajadores de la industria lechera. Los recursos ofrecen informaci\u00f3n para educar y equipar a los trabajadores de la industria lechera sobre la prevenci\u00f3n y los riesgos de la gripe aviar mientras est\u00e1n en el trabajo, c\u00f3mo identificar los s\u00edntomas y c\u00f3mo obtener las pruebas. Estos recursos est\u00e1n disponibles en los siguientes idiomas ingl\u00e9s, espa\u00f1ol, mam, k&#8217;iche&#8217;, q&#8217;anjob&#8217;al, mixteco (variedad de San Antonio Yodunduza Monte Verde), n\u00e1huatl (variedad de Orizaba) y afrik\u00e1ans.<\/p>\n\n\n\n<p class=\"has-text-align-left\">Desc\u00e1rguelo y comp\u00e1rtalo con los trabajadores de la industria lechera durante las actividades de alcance y educativas, en las redes sociales o en su cl\u00ednica mientras esperan una cita.\u00a0<\/p>\n\n\n\n<div style=\"color:#ddd\" class=\"wp-block-genesis-blocks-gb-spacer gb-block-spacer gb-divider-solid gb-divider-size-1\"><hr\/><\/div>\n\n\n<div class=\"wp-block-image\">\n<figure class=\"aligncenter size-full is-resized\"><img loading=\"lazy\" decoding=\"async\" width=\"326\" height=\"422\" src=\"https:\/\/www.ncfh.org\/wp-content\/uploads\/2025\/05\/ncfh-birdflu-dairy-ppe-english-feb2025png-page-1.png\" alt=\"\" class=\"wp-image-6532\" style=\"width:253px;height:auto\" srcset=\"https:\/\/www.ncfh.org\/wp-content\/uploads\/2025\/05\/ncfh-birdflu-dairy-ppe-english-feb2025png-page-1.png 326w, https:\/\/www.ncfh.org\/wp-content\/uploads\/2025\/05\/ncfh-birdflu-dairy-ppe-english-feb2025png-page-1-232x300.png 232w\" sizes=\"auto, (max-width: 326px) 100vw, 326px\" \/><\/figure>\n<\/div>\n\n\n<p><strong>Folleto Educativo:<\/strong>\u202fProt\u00e9jase de la gripe aviar cuando trabaje con vacas lecheras enfermas:<\/p>\n\n\n\n<ul class=\"wp-block-list\">\n<li><a href=\"https:\/\/www.ncfh.org\/wp-content\/uploads\/2025\/05\/NCFH_BirdFlu_Dairy_PPE_English_May2025.pdf\" target=\"_blank\" rel=\"noreferrer noopener\">Ingl\u00e9s<\/a>&nbsp;<\/li>\n\n\n\n<li><a href=\"https:\/\/www.ncfh.org\/wp-content\/uploads\/2025\/05\/NCFH_BirdFlu_Dairy_PPE_Espanol_May2025.pdf\" target=\"_blank\" rel=\"noreferrer noopener\">Espa\u00f1ol<\/a>&nbsp;<\/li>\n\n\n\n<li><a href=\"https:\/\/www.ncfh.org\/wp-content\/uploads\/2025\/06\/NCFH_BirdFlu_Dairy_Nahuatl_Feb2025.pdf\" target=\"_blank\" rel=\"noreferrer noopener\">N\u00e1huatl<\/a> Orizaba variety (<a href=\"https:\/\/www.ncfh.org\/wp-content\/uploads\/2025\/05\/PPE-Script-Nahuatl.mp3\" target=\"_blank\" rel=\"noreferrer noopener\"><strong>audio<\/strong><\/a>)\u202f&nbsp;<\/li>\n\n\n\n<li><a href=\"https:\/\/www.ncfh.org\/wp-content\/uploads\/2025\/06\/NCFH_BirdFlu_Dairy_Zapoteco_Feb2025.pdf\" target=\"_blank\" rel=\"noreferrer noopener\">Zapoteco<\/a>\u202fSan Agustin Loxicha variety (<strong><a href=\"https:\/\/www.ncfh.org\/wp-content\/uploads\/2025\/05\/PPE-Script-Zapoteco.mp3\">audio<\/a><\/strong>)\u202f&nbsp;<\/li>\n\n\n\n<li><a href=\"https:\/\/www.ncfh.org\/wp-content\/uploads\/2025\/06\/NCFH_BirdFlu_Dairy_Purepecha_Feb2025.pdf\" target=\"_blank\" rel=\"noreferrer noopener\">Pur\u00e9pecha<\/a> Paracho de Michoac\u00e1n\u202f(<strong><a href=\"https:\/\/www.ncfh.org\/wp-content\/uploads\/2025\/05\/PPE-Script-Purepecha.mp3\">audio<\/a><\/strong>)\u202f&nbsp;<\/li>\n\n\n\n<li><a href=\"https:\/\/www.ncfh.org\/wp-content\/uploads\/2025\/06\/NCFH_BirdFlu_Dairy_Mixteco_Feb2025.pdf\" target=\"_blank\" rel=\"noreferrer noopener\">Mixteco<\/a> Metlatonoc Guerrero\u202f(<a href=\"https:\/\/www.ncfh.org\/wp-content\/uploads\/2025\/05\/Mixteco-PPE-script.mp3\" target=\"_blank\" rel=\"noreferrer noopener\"><strong>audio<\/strong><\/a>)\u202f&nbsp;<\/li>\n\n\n\n<li><a href=\"https:\/\/www.ncfh.org\/wp-content\/uploads\/2025\/06\/NCFH_BirdFlu_Dairy_Qanjobal_Feb2025.pdf\" target=\"_blank\" rel=\"noreferrer noopener\">Q\u2019anjob\u2019al\u202f<\/a> Santa Eulalia\u202fvariety (<strong><a href=\"https:\/\/www.ncfh.org\/wp-content\/uploads\/2025\/05\/PPE-Script-Qanjobal.mp3\">audio<\/a><\/strong>)<\/li>\n<\/ul>\n\n\n\n<div style=\"color:#ddd\" class=\"wp-block-genesis-blocks-gb-spacer gb-block-spacer gb-divider-solid gb-divider-size-1\"><hr style=\"height:14px\"\/><\/div>\n\n\n\n<p><strong>Anuncio de servicio p\u00fablico educativo:<\/strong> Disponible en<\/p>\n\n\n\n<ul class=\"wp-block-list\">\n<li><a href=\"https:\/\/www.ncfh.org\/wp-content\/uploads\/2025\/05\/NCFH_PPE_30SecPSA_Cali_English.mp3\" target=\"_blank\" rel=\"noreferrer noopener\">Ingl\u00e9s<\/a>&nbsp;<\/li>\n\n\n\n<li><a href=\"https:\/\/www.ncfh.org\/wp-content\/uploads\/2025\/05\/NCFH_PPE_30SecPSA_Cali_Spanish.mp3\" target=\"_blank\" rel=\"noreferrer noopener\">Espa\u00f1ol<\/a>&nbsp;<\/li>\n\n\n\n<li><a href=\"https:\/\/www.ncfh.org\/wp-content\/uploads\/2025\/05\/NCFH_PPE_Dairy_PSA_NAHUATL_May2025_fAudioMp3.mp3\" target=\"_blank\" rel=\"noreferrer noopener\">N\u00e1huatl<\/a>\u202fvariedad de Orizaba<\/li>\n\n\n\n<li><a href=\"https:\/\/www.ncfh.org\/wp-content\/uploads\/2025\/05\/NCFH_PPE_Dairy_PSA_Zapoteco_May2025_Audiomp3.mp3\" target=\"_blank\" rel=\"noreferrer noopener\">Zapoteco<\/a> variedad de\u202fSan Agust\u00edn Loxicha<\/li>\n\n\n\n<li><a href=\"https:\/\/www.ncfh.org\/wp-content\/uploads\/2025\/05\/NCFH_PPE_Dairy_PSA_PUREPECHA_May2025_AudioMp3.mp3\" target=\"_blank\" rel=\"noreferrer noopener\">Pur\u00e9pecha<\/a> de Paracho, Michoac\u00e1n&nbsp;<\/li>\n\n\n\n<li><a href=\"https:\/\/www.ncfh.org\/wp-content\/uploads\/2025\/05\/NCFH_PPE_Dairy_PSA_MIXTECO_May2025_AUdiomp3.mp3\" target=\"_blank\" rel=\"noreferrer noopener\">Mixteco<\/a>\u202fde Metlatonoc Guerrero&nbsp;<\/li>\n\n\n\n<li><a href=\"https:\/\/www.ncfh.org\/wp-content\/uploads\/2025\/05\/NCFH_PPE_Dairy_PSA_Qanjobal_May2025_AudioMp3.mp3\">Q&#8217;anjob&#8217;al<\/a>&nbsp;variedad de Santa Eulalia<\/li>\n<\/ul>\n\n\n\n<hr class=\"wp-block-separator has-alpha-channel-opacity\"\/>\n\n\n\n<p>Los siguientes recursos ofrecen informaci\u00f3n para educar y equipar a los trabajadores de la industria lechera sobre la prevenci\u00f3n y los riesgos de la gripe aviar en el trabajo, c\u00f3mo identificar los s\u00edntomas y c\u00f3mo obtener las pruebas. Estos folletos y audios est\u00e1n disponibles en los siguientes idiomas: ingl\u00e9s, espa\u00f1ol, mam, k&#8217;iche&#8217;, q&#8217;anjob&#8217;al, mixteco (variedad de San Antonio Yodunduza Monte Verde), n\u00e1huatl (variedad de Orizaba) y afrik\u00e1ans.<\/p>\n\n\n\n<p>Desc\u00e1rgalo y comp\u00e1rtelo con los trabajadores de la industria lechera durante las actividades de alcance y educativas, en las redes sociales o en su cl\u00ednica mientras esperan una cita.<br><br><strong>Folleto Educativo:<\/strong> Los trabajadores de lecher\u00edas corren el riesgo de contraer la influenza aviar H5N1<\/p>\n\n\n\n<ul class=\"wp-block-list\">\n<li><a href=\"https:\/\/www.ncfh.org\/digital-library\/dairy-workers-are-at-risk-for-h5n1-bird-flu-2\/\" target=\"_blank\" rel=\"noreferrer noopener\">Ingl\u00e9s<\/a>&nbsp;<\/li>\n\n\n\n<li><a href=\"https:\/\/www.ncfh.org\/es\/digital-library\/los-trabajadores-de-lecherias-corren-el-riesgo-de-contraer-la-influenza-aviar-h5n1\/\" target=\"_blank\" rel=\"noreferrer noopener\">Espa\u00f1ol<\/a>&nbsp;<\/li>\n\n\n\n<li><a href=\"https:\/\/www.ncfh.org\/digital-library\/dairy-workers-are-at-risk-for-h5n1-bird-flu-nahuatl\/\" target=\"_blank\" rel=\"noreferrer noopener\">N\u00e1huatl<\/a>\u202f(variedad de Orizaba) (<strong><a href=\"https:\/\/www.ncfh.org\/wp-content\/uploads\/2025\/05\/ncfh_h5n1_flyer_nahuatl_oct2024.mp3\">audio<\/a><\/strong>)&nbsp;<\/li>\n\n\n\n<li><a href=\"https:\/\/www.ncfh.org\/digital-library\/dairy-workers-are-at-risk-for-h5n1-bird-flu-mam\/\" target=\"_blank\" rel=\"noreferrer noopener\">Mam<\/a>\u202f(<a href=\"https:\/\/www.ncfh.org\/wp-content\/uploads\/2025\/05\/ncfh_h5n1_flyer_mam_oct2024.mp3\" target=\"_blank\" rel=\"noreferrer noopener\"><strong>audio<\/strong><\/a>)&nbsp;<\/li>\n\n\n\n<li><a href=\"https:\/\/www.ncfh.org\/digital-library\/dairy-workers-are-at-risk-for-h5n1-bird-flu-kiche\/\" target=\"_blank\" rel=\"noreferrer noopener\">K\u2019iche\u2019<\/a>\u202f(<a href=\"https:\/\/www.ncfh.org\/wp-content\/uploads\/2025\/05\/ncfh_h5n1_flyer_kiche_oct2024.mp3\" target=\"_blank\" rel=\"noreferrer noopener\"><strong>audio<\/strong><\/a>)&nbsp;<\/li>\n\n\n\n<li><a href=\"https:\/\/www.ncfh.org\/digital-library\/dairy-workers-are-at-risk-for-h5n1-bird-flu-mixteco\/\" target=\"_blank\" rel=\"noreferrer noopener\">Mixteco<\/a>\u202f(variedad de San Antonio Yodunduza Monte Verde) (<a href=\"https:\/\/www.ncfh.org\/wp-content\/uploads\/2025\/05\/ncfh_h5n1_flyer_mixteco_oct2024.mp3\" target=\"_blank\" rel=\"noreferrer noopener\"><strong>audio<\/strong><\/a>)&nbsp;<\/li>\n\n\n\n<li><a href=\"https:\/\/www.ncfh.org\/digital-library\/dairy-workers-are-at-risk-for-h5n1-bird-flu-afrikaans\/\" target=\"_blank\" rel=\"noreferrer noopener\">Afrik\u00e1ans<\/a>\u202f(<a href=\"https:\/\/www.ncfh.org\/wp-content\/uploads\/2025\/05\/ncfh_h5n1_afrikaansflyer_oct2024.mp3\" target=\"_blank\" rel=\"noreferrer noopener\"><strong>audio<\/strong><\/a>)&nbsp;<\/li>\n\n\n\n<li><a href=\"https:\/\/www.ncfh.org\/digital-library\/dairy-workers-are-at-risk-for-h5n1-bird-flu-qanjobal\/\" target=\"_blank\" rel=\"noreferrer noopener\">Q\u2019anjob\u2019al<\/a>\u202f(<a href=\"https:\/\/www.ncfh.org\/wp-content\/uploads\/2025\/05\/ncfh_h5n1_flyer_qanjobal_oct2024.mp3\" target=\"_blank\" rel=\"noreferrer noopener\"><strong>audio<\/strong><\/a>)&nbsp;<\/li>\n<\/ul>\n\n\n<div class=\"wp-block-image\">\n<figure class=\"aligncenter size-full\"><img loading=\"lazy\" decoding=\"async\" width=\"355\" height=\"460\" src=\"https:\/\/www.ncfh.org\/wp-content\/uploads\/2025\/05\/englishncfh-avianflu-flyer-v2-aug2024-8-29-24png-page-1.png\" alt=\"\" class=\"wp-image-6537\" srcset=\"https:\/\/www.ncfh.org\/wp-content\/uploads\/2025\/05\/englishncfh-avianflu-flyer-v2-aug2024-8-29-24png-page-1.png 355w, https:\/\/www.ncfh.org\/wp-content\/uploads\/2025\/05\/englishncfh-avianflu-flyer-v2-aug2024-8-29-24png-page-1-232x300.png 232w\" sizes=\"auto, (max-width: 355px) 100vw, 355px\" \/><\/figure>\n<\/div>\n\n\n<p><strong>Anuncio de servicio p\u00fablico educativo<\/strong>: Disponible en<\/p>\n\n\n\n<ul class=\"wp-block-list\">\n<li>Ingl\u00e9s&nbsp;(<a href=\"https:\/\/www.ncfh.org\/wp-content\/uploads\/2025\/05\/ncfh_h5n1_avianflu_psa_english2024_1longv3.mp3\">long<\/a>&nbsp;and&nbsp;<a href=\"https:\/\/www.ncfh.org\/wp-content\/uploads\/2025\/05\/ncfh_h5n1_avianflu_psa_english2024_2short.mp3\">short<\/a>&nbsp;versiones)<\/li>\n\n\n\n<li>Espa\u00f1ol (<a href=\"https:\/\/www.ncfh.org\/wp-content\/uploads\/2025\/05\/ncfh_h5n1_avianflu_psa_spanish2024_1longv3.mp3\">long<\/a>&nbsp;and&nbsp;<a href=\"https:\/\/www.ncfh.org\/wp-content\/uploads\/2025\/05\/ncfh_h5n1_avianflu_psa_spanish2024_2short.mp3\">short<\/a>&nbsp;versiones)<\/li>\n\n\n\n<li>Mam (<a href=\"https:\/\/www.ncfh.org\/wp-content\/uploads\/2025\/05\/ncfh_h5n1_avianflu_psa_mam_2024long.mp3\">long<\/a>&nbsp;and&nbsp;<a href=\"https:\/\/www.ncfh.org\/wp-content\/uploads\/2025\/05\/ncfh_h5n1_avianflue_psa_mam_2024short.mp3\">short<\/a>&nbsp;versiones)<\/li>\n\n\n\n<li>K&#8217;iche&#8217; (<a href=\"https:\/\/www.ncfh.org\/wp-content\/uploads\/2025\/05\/ncfh_h5n1_avianflu_psa_kiche_2024long.mp3\">long<\/a>&nbsp;and&nbsp;<a href=\"https:\/\/www.ncfh.org\/wp-content\/uploads\/2025\/05\/ncfh_h5n1_avianflu_psa_kiche_2024short.mp3\">short<\/a>&nbsp;versiones)<\/li>\n\n\n\n<li>Q&#8217;anjob&#8217;al (<a href=\"https:\/\/www.ncfh.org\/wp-content\/uploads\/2025\/05\/ncfh_h5n1_avianflu_psa_qanjobal2024long.mp3\">long<\/a>&nbsp;and&nbsp;<a href=\"https:\/\/www.ncfh.org\/wp-content\/uploads\/2025\/05\/ncfh_h5n1_avianflu_psa_qanjobal2024short.mp3\">short<\/a>&nbsp;versiones)<\/li>\n\n\n\n<li>Nahuatl (variedad de Orizaba) (<a href=\"https:\/\/www.ncfh.org\/wp-content\/uploads\/2025\/05\/ncfh_h5n1_avianflu_psa_nahuatl_2024long.mp3\">long<\/a>&nbsp;and&nbsp;<a href=\"https:\/\/www.ncfh.org\/wp-content\/uploads\/2025\/05\/ncfh_h5n1_avianflu_psa_nahuatl2024short.mp3\">short<\/a>&nbsp;versiones)<\/li>\n\n\n\n<li>Mixteco (variedad de San Antonio Yodunduza Monte Verde) (<a href=\"https:\/\/www.ncfh.org\/wp-content\/uploads\/2025\/05\/ncfh_h5n1_avianflu_psa_mixteco_2024long.mp3\">long<\/a>&nbsp;and&nbsp;<a href=\"https:\/\/www.ncfh.org\/wp-content\/uploads\/2025\/05\/ncfh_h5n1_avianflu_psa_mixteco2024short.mp3\">short<\/a>&nbsp;versiones)<\/li>\n\n\n\n<li>Afrikaans (<a href=\"https:\/\/www.ncfh.org\/wp-content\/uploads\/2025\/05\/ncfh_h5n1_avianflu_psa_afrikaans_2024long.mp3\">long<\/a>&nbsp;and&nbsp;<a href=\"https:\/\/www.ncfh.org\/wp-content\/uploads\/2025\/05\/ncfh_h5n1_avianflu_psa_afrikaans_2024short.mp3\">short<\/a>&nbsp;versiones)<\/li>\n<\/ul>\n\n\n\n<div style=\"color:#ddd\" class=\"wp-block-genesis-blocks-gb-spacer gb-block-spacer gb-divider-solid gb-divider-size-1\"><hr\/><\/div>\n\n\n\n<p><\/p>\n","protected":false},"excerpt":{"rendered":"<p>Recursos educativos sobre la gripe aviar H5N1 para los trabajadores de la industria lechera NCFH ha desarrollado recursos sobre la influenza aviar H5N1, tambi\u00e9n conocida como gripe aviar, para los [&hellip;]<\/p>\n","protected":false},"author":6,"featured_media":0,"parent":8283,"menu_order":0,"comment_status":"closed","ping_status":"closed","template":"","meta":{"_acf_changed":false,"footnotes":""},"class_list":["post-8440","page","type-page","status-publish","hentry"],"acf":[],"yoast_head":"<!-- This site is optimized with the Yoast SEO plugin v27.5 - https:\/\/yoast.com\/product\/yoast-seo-wordpress\/ -->\n<title>H5N1 Bird Flu Resources - National Center for Farmworker Health<\/title>\n<meta name=\"robots\" content=\"index, follow, max-snippet:-1, max-image-preview:large, max-video-preview:-1\" \/>\n<link rel=\"canonical\" href=\"https:\/\/www.ncfh.org\/es\/centro-de-enfermedades-infecciosas\/h5n1-bird-flu-resources\/\" \/>\n<meta property=\"og:locale\" content=\"es_ES\" \/>\n<meta property=\"og:type\" content=\"article\" \/>\n<meta property=\"og:title\" content=\"H5N1 Bird Flu Resources - National Center for Farmworker Health\" \/>\n<meta property=\"og:description\" content=\"Recursos educativos sobre la gripe aviar H5N1 para los trabajadores de la industria lechera NCFH ha desarrollado recursos sobre la influenza aviar H5N1, tambi\u00e9n conocida como gripe aviar, para los [&hellip;]\" \/>\n<meta property=\"og:url\" content=\"https:\/\/www.ncfh.org\/es\/centro-de-enfermedades-infecciosas\/h5n1-bird-flu-resources\/\" \/>\n<meta property=\"og:site_name\" content=\"National Center for Farmworker Health\" \/>\n<meta property=\"article:modified_time\" content=\"2025-08-14T20:18:08+00:00\" \/>\n<meta property=\"og:image\" content=\"https:\/\/www.ncfh.org\/wp-content\/uploads\/2025\/05\/ncfh-birdflu-dairy-ppe-english-feb2025png-page-1.png\" \/>\n\t<meta property=\"og:image:width\" content=\"326\" \/>\n\t<meta property=\"og:image:height\" content=\"422\" \/>\n\t<meta property=\"og:image:type\" content=\"image\/png\" \/>\n<meta name=\"twitter:card\" content=\"summary_large_image\" \/>\n<meta name=\"twitter:label1\" content=\"Tiempo de lectura\" \/>\n\t<meta name=\"twitter:data1\" content=\"3 minutos\" \/>\n<script type=\"application\/ld+json\" class=\"yoast-schema-graph\">{\"@context\":\"https:\\\/\\\/schema.org\",\"@graph\":[{\"@type\":\"WebPage\",\"@id\":\"https:\\\/\\\/www.ncfh.org\\\/es\\\/centro-de-enfermedades-infecciosas\\\/h5n1-bird-flu-resources\\\/\",\"url\":\"https:\\\/\\\/www.ncfh.org\\\/es\\\/centro-de-enfermedades-infecciosas\\\/h5n1-bird-flu-resources\\\/\",\"name\":\"H5N1 Bird Flu Resources - National Center for Farmworker Health\",\"isPartOf\":{\"@id\":\"https:\\\/\\\/www.ncfh.org\\\/es\\\/#website\"},\"primaryImageOfPage\":{\"@id\":\"https:\\\/\\\/www.ncfh.org\\\/es\\\/centro-de-enfermedades-infecciosas\\\/h5n1-bird-flu-resources\\\/#primaryimage\"},\"image\":{\"@id\":\"https:\\\/\\\/www.ncfh.org\\\/es\\\/centro-de-enfermedades-infecciosas\\\/h5n1-bird-flu-resources\\\/#primaryimage\"},\"thumbnailUrl\":\"https:\\\/\\\/www.ncfh.org\\\/wp-content\\\/uploads\\\/2025\\\/05\\\/ncfh-birdflu-dairy-ppe-english-feb2025png-page-1.png\",\"datePublished\":\"2025-05-12T13:08:31+00:00\",\"dateModified\":\"2025-08-14T20:18:08+00:00\",\"breadcrumb\":{\"@id\":\"https:\\\/\\\/www.ncfh.org\\\/es\\\/centro-de-enfermedades-infecciosas\\\/h5n1-bird-flu-resources\\\/#breadcrumb\"},\"inLanguage\":\"es\",\"potentialAction\":[{\"@type\":\"ReadAction\",\"target\":[\"https:\\\/\\\/www.ncfh.org\\\/es\\\/centro-de-enfermedades-infecciosas\\\/h5n1-bird-flu-resources\\\/\"]}]},{\"@type\":\"ImageObject\",\"inLanguage\":\"es\",\"@id\":\"https:\\\/\\\/www.ncfh.org\\\/es\\\/centro-de-enfermedades-infecciosas\\\/h5n1-bird-flu-resources\\\/#primaryimage\",\"url\":\"https:\\\/\\\/www.ncfh.org\\\/wp-content\\\/uploads\\\/2025\\\/05\\\/ncfh-birdflu-dairy-ppe-english-feb2025png-page-1.png\",\"contentUrl\":\"https:\\\/\\\/www.ncfh.org\\\/wp-content\\\/uploads\\\/2025\\\/05\\\/ncfh-birdflu-dairy-ppe-english-feb2025png-page-1.png\"},{\"@type\":\"BreadcrumbList\",\"@id\":\"https:\\\/\\\/www.ncfh.org\\\/es\\\/centro-de-enfermedades-infecciosas\\\/h5n1-bird-flu-resources\\\/#breadcrumb\",\"itemListElement\":[{\"@type\":\"ListItem\",\"position\":1,\"name\":\"Home\",\"item\":\"https:\\\/\\\/www.ncfh.org\\\/es\\\/inicio\\\/\"},{\"@type\":\"ListItem\",\"position\":2,\"name\":\"Centro de Enfermedades Infecciosas\",\"item\":\"https:\\\/\\\/www.ncfh.org\\\/es\\\/centro-de-enfermedades-infecciosas\\\/\"},{\"@type\":\"ListItem\",\"position\":3,\"name\":\"H5N1 Bird Flu Resources\"}]},{\"@type\":\"WebSite\",\"@id\":\"https:\\\/\\\/www.ncfh.org\\\/es\\\/#website\",\"url\":\"https:\\\/\\\/www.ncfh.org\\\/es\\\/\",\"name\":\"National Center for Farmworker Health\",\"description\":\"\",\"publisher\":{\"@id\":\"https:\\\/\\\/www.ncfh.org\\\/es\\\/#organization\"},\"potentialAction\":[{\"@type\":\"SearchAction\",\"target\":{\"@type\":\"EntryPoint\",\"urlTemplate\":\"https:\\\/\\\/www.ncfh.org\\\/es\\\/?s={search_term_string}\"},\"query-input\":{\"@type\":\"PropertyValueSpecification\",\"valueRequired\":true,\"valueName\":\"search_term_string\"}}],\"inLanguage\":\"es\"},{\"@type\":\"Organization\",\"@id\":\"https:\\\/\\\/www.ncfh.org\\\/es\\\/#organization\",\"name\":\"National Center for Farmworker Health\",\"url\":\"https:\\\/\\\/www.ncfh.org\\\/es\\\/\",\"logo\":{\"@type\":\"ImageObject\",\"inLanguage\":\"es\",\"@id\":\"https:\\\/\\\/www.ncfh.org\\\/es\\\/#\\\/schema\\\/logo\\\/image\\\/\",\"url\":\"https:\\\/\\\/www.ncfh.org\\\/wp-content\\\/uploads\\\/2024\\\/06\\\/Language-Access.png\",\"contentUrl\":\"https:\\\/\\\/www.ncfh.org\\\/wp-content\\\/uploads\\\/2024\\\/06\\\/Language-Access.png\",\"width\":1563,\"height\":1563,\"caption\":\"National Center for Farmworker Health\"},\"image\":{\"@id\":\"https:\\\/\\\/www.ncfh.org\\\/es\\\/#\\\/schema\\\/logo\\\/image\\\/\"}}]}<\/script>\n<!-- \/ Yoast SEO plugin. -->","yoast_head_json":{"title":"H5N1 Bird Flu Resources - National Center for Farmworker Health","robots":{"index":"index","follow":"follow","max-snippet":"max-snippet:-1","max-image-preview":"max-image-preview:large","max-video-preview":"max-video-preview:-1"},"canonical":"https:\/\/www.ncfh.org\/es\/centro-de-enfermedades-infecciosas\/h5n1-bird-flu-resources\/","og_locale":"es_ES","og_type":"article","og_title":"H5N1 Bird Flu Resources - National Center for Farmworker Health","og_description":"Recursos educativos sobre la gripe aviar H5N1 para los trabajadores de la industria lechera NCFH ha desarrollado recursos sobre la influenza aviar H5N1, tambi\u00e9n conocida como gripe aviar, para los [&hellip;]","og_url":"https:\/\/www.ncfh.org\/es\/centro-de-enfermedades-infecciosas\/h5n1-bird-flu-resources\/","og_site_name":"National Center for Farmworker Health","article_modified_time":"2025-08-14T20:18:08+00:00","og_image":[{"width":326,"height":422,"url":"https:\/\/www.ncfh.org\/wp-content\/uploads\/2025\/05\/ncfh-birdflu-dairy-ppe-english-feb2025png-page-1.png","type":"image\/png"}],"twitter_card":"summary_large_image","twitter_misc":{"Tiempo de lectura":"3 minutos"},"schema":{"@context":"https:\/\/schema.org","@graph":[{"@type":"WebPage","@id":"https:\/\/www.ncfh.org\/es\/centro-de-enfermedades-infecciosas\/h5n1-bird-flu-resources\/","url":"https:\/\/www.ncfh.org\/es\/centro-de-enfermedades-infecciosas\/h5n1-bird-flu-resources\/","name":"H5N1 Bird Flu Resources - National Center for Farmworker Health","isPartOf":{"@id":"https:\/\/www.ncfh.org\/es\/#website"},"primaryImageOfPage":{"@id":"https:\/\/www.ncfh.org\/es\/centro-de-enfermedades-infecciosas\/h5n1-bird-flu-resources\/#primaryimage"},"image":{"@id":"https:\/\/www.ncfh.org\/es\/centro-de-enfermedades-infecciosas\/h5n1-bird-flu-resources\/#primaryimage"},"thumbnailUrl":"https:\/\/www.ncfh.org\/wp-content\/uploads\/2025\/05\/ncfh-birdflu-dairy-ppe-english-feb2025png-page-1.png","datePublished":"2025-05-12T13:08:31+00:00","dateModified":"2025-08-14T20:18:08+00:00","breadcrumb":{"@id":"https:\/\/www.ncfh.org\/es\/centro-de-enfermedades-infecciosas\/h5n1-bird-flu-resources\/#breadcrumb"},"inLanguage":"es","potentialAction":[{"@type":"ReadAction","target":["https:\/\/www.ncfh.org\/es\/centro-de-enfermedades-infecciosas\/h5n1-bird-flu-resources\/"]}]},{"@type":"ImageObject","inLanguage":"es","@id":"https:\/\/www.ncfh.org\/es\/centro-de-enfermedades-infecciosas\/h5n1-bird-flu-resources\/#primaryimage","url":"https:\/\/www.ncfh.org\/wp-content\/uploads\/2025\/05\/ncfh-birdflu-dairy-ppe-english-feb2025png-page-1.png","contentUrl":"https:\/\/www.ncfh.org\/wp-content\/uploads\/2025\/05\/ncfh-birdflu-dairy-ppe-english-feb2025png-page-1.png"},{"@type":"BreadcrumbList","@id":"https:\/\/www.ncfh.org\/es\/centro-de-enfermedades-infecciosas\/h5n1-bird-flu-resources\/#breadcrumb","itemListElement":[{"@type":"ListItem","position":1,"name":"Home","item":"https:\/\/www.ncfh.org\/es\/inicio\/"},{"@type":"ListItem","position":2,"name":"Centro de Enfermedades Infecciosas","item":"https:\/\/www.ncfh.org\/es\/centro-de-enfermedades-infecciosas\/"},{"@type":"ListItem","position":3,"name":"H5N1 Bird Flu Resources"}]},{"@type":"WebSite","@id":"https:\/\/www.ncfh.org\/es\/#website","url":"https:\/\/www.ncfh.org\/es\/","name":"National Center for Farmworker Health","description":"","publisher":{"@id":"https:\/\/www.ncfh.org\/es\/#organization"},"potentialAction":[{"@type":"SearchAction","target":{"@type":"EntryPoint","urlTemplate":"https:\/\/www.ncfh.org\/es\/?s={search_term_string}"},"query-input":{"@type":"PropertyValueSpecification","valueRequired":true,"valueName":"search_term_string"}}],"inLanguage":"es"},{"@type":"Organization","@id":"https:\/\/www.ncfh.org\/es\/#organization","name":"National Center for Farmworker Health","url":"https:\/\/www.ncfh.org\/es\/","logo":{"@type":"ImageObject","inLanguage":"es","@id":"https:\/\/www.ncfh.org\/es\/#\/schema\/logo\/image\/","url":"https:\/\/www.ncfh.org\/wp-content\/uploads\/2024\/06\/Language-Access.png","contentUrl":"https:\/\/www.ncfh.org\/wp-content\/uploads\/2024\/06\/Language-Access.png","width":1563,"height":1563,"caption":"National Center for Farmworker Health"},"image":{"@id":"https:\/\/www.ncfh.org\/es\/#\/schema\/logo\/image\/"}}]}},"featured_image_src":null,"featured_image_src_square":null,"_links":{"self":[{"href":"https:\/\/www.ncfh.org\/es\/wp-json\/wp\/v2\/pages\/8440","targetHints":{"allow":["GET"]}}],"collection":[{"href":"https:\/\/www.ncfh.org\/es\/wp-json\/wp\/v2\/pages"}],"about":[{"href":"https:\/\/www.ncfh.org\/es\/wp-json\/wp\/v2\/types\/page"}],"author":[{"embeddable":true,"href":"https:\/\/www.ncfh.org\/es\/wp-json\/wp\/v2\/users\/6"}],"replies":[{"embeddable":true,"href":"https:\/\/www.ncfh.org\/es\/wp-json\/wp\/v2\/comments?post=8440"}],"version-history":[{"count":0,"href":"https:\/\/www.ncfh.org\/es\/wp-json\/wp\/v2\/pages\/8440\/revisions"}],"up":[{"embeddable":true,"href":"https:\/\/www.ncfh.org\/es\/wp-json\/wp\/v2\/pages\/8283"}],"wp:attachment":[{"href":"https:\/\/www.ncfh.org\/es\/wp-json\/wp\/v2\/media?parent=8440"}],"curies":[{"name":"wp","href":"https:\/\/api.w.org\/{rel}","templated":true}]}}