{"id":8481,"date":"2024-08-16T17:22:28","date_gmt":"2024-08-16T22:22:28","guid":{"rendered":"https:\/\/www.ncfh.org\/outreach-resources\/"},"modified":"2025-08-11T11:33:26","modified_gmt":"2025-08-11T16:33:26","slug":"outreach-resources","status":"publish","type":"page","link":"https:\/\/www.ncfh.org\/es\/outreach-resources\/","title":{"rendered":"Recursos de Alcance\u00a0"},"content":{"rendered":"\n<p>Las organizaciones que sirven a los trabajadores agr\u00edcolas, como los centros de salud, las organizaciones de ayuda legal y las organizaciones comunitarias, desempe\u00f1an un papel fundamental para llegar a las comunidades de trabajadores agr\u00edcolas, que a menudo experimentan m\u00faltiples barreras para acceder a los recursos comunitarios. Los trabajadores de alcance comunitarios y los trabajadores de salud comunitarios (CHWs por sus siglas en ingl\u00e9s) tienen la oportunidad de ser proactivos para proporcionar a los trabajadores agr\u00edcolas la informaci\u00f3n adecuada que necesitan durante la pandemia y m\u00e1s all\u00e1. Esta p\u00e1gina proporciona recursos relacionados con alcance comunitario para los defensores de los trabajadores agr\u00edcolas de primera l\u00ednea.\u00a0<\/p>\n\n\n\n<div style=\"height:26px\" aria-hidden=\"true\" class=\"wp-block-spacer\"><\/div>\n\n\n\n<h4 class=\"wp-block-heading\"><strong>Esta secci\u00f3n a\u00fan est\u00e1 en construcci\u00f3n, pero comun\u00edquese con nuestro miembro del personal <\/strong><a href=\"mailto:ysalinas@ncfh.org\" target=\"_blank\" rel=\"noreferrer noopener\">ysalinas@ncfh.org<\/a><strong> si tiene sugerencias de herramientas \u00fatiles de defensa comunitaria para que las incluyamos.<\/strong>\u00a0<\/h4>\n\n\n\n<div style=\"height:26px\" aria-hidden=\"true\" class=\"wp-block-spacer\"><\/div>\n\n\n\n<h4 class=\"wp-block-heading\"><strong>Buscando una lista completa de Recursos de Alcance H-2A. Haga clic<\/strong><a href=\"https:\/\/www.ncfh.org\/h-2a-worker-outreach\/\" target=\"_blank\" rel=\"noreferrer noopener\"> <\/a><a href=\"https:\/\/www.ncfh.org\/es\/alcance-a-trabajadores-con-visa-h-2a\/\">AQUI<\/a>.<\/h4>\n\n\n\n<p><\/p>\n","protected":false},"excerpt":{"rendered":"<p>Las organizaciones que sirven a los trabajadores agr\u00edcolas, como los centros de salud, las organizaciones de ayuda legal y las organizaciones comunitarias, desempe\u00f1an un papel fundamental para llegar a las [&hellip;]<\/p>\n","protected":false},"author":4,"featured_media":0,"parent":0,"menu_order":62,"comment_status":"closed","ping_status":"closed","template":"template-resource-hub-infectious.php","meta":{"_acf_changed":true,"footnotes":""},"class_list":["post-8481","page","type-page","status-publish","hentry"],"acf":[],"yoast_head":"<!-- This site is optimized with the Yoast SEO plugin v27.3 - https:\/\/yoast.com\/product\/yoast-seo-wordpress\/ -->\n<title>Recursos de Alcance\u00a0 - National Center for Farmworker Health<\/title>\n<meta name=\"description\" content=\"Farmworker-serving organizations are trusted messengers in providing farmworkers and their families with critical information about health.\" \/>\n<meta name=\"robots\" content=\"index, follow, max-snippet:-1, max-image-preview:large, max-video-preview:-1\" \/>\n<link rel=\"canonical\" href=\"https:\/\/www.ncfh.org\/es\/outreach-resources\/\" \/>\n<meta property=\"og:locale\" content=\"es_ES\" \/>\n<meta property=\"og:type\" content=\"article\" \/>\n<meta property=\"og:title\" content=\"Recursos de Alcance\u00a0 - National Center for Farmworker Health\" \/>\n<meta property=\"og:description\" content=\"Farmworker-serving organizations are trusted messengers in providing farmworkers and their families with critical information about health.\" \/>\n<meta property=\"og:url\" content=\"https:\/\/www.ncfh.org\/es\/outreach-resources\/\" \/>\n<meta property=\"og:site_name\" content=\"National Center for Farmworker Health\" \/>\n<meta property=\"article:modified_time\" content=\"2025-08-11T16:33:26+00:00\" \/>\n<meta name=\"twitter:card\" content=\"summary_large_image\" \/>\n<meta name=\"twitter:label1\" content=\"Tiempo de lectura\" \/>\n\t<meta name=\"twitter:data1\" content=\"1 minuto\" \/>\n<script type=\"application\/ld+json\" class=\"yoast-schema-graph\">{\"@context\":\"https:\\\/\\\/schema.org\",\"@graph\":[{\"@type\":\"WebPage\",\"@id\":\"https:\\\/\\\/www.ncfh.org\\\/es\\\/outreach-resources\\\/\",\"url\":\"https:\\\/\\\/www.ncfh.org\\\/es\\\/outreach-resources\\\/\",\"name\":\"Recursos de Alcance\u00a0 - National Center for Farmworker Health\",\"isPartOf\":{\"@id\":\"https:\\\/\\\/www.ncfh.org\\\/es\\\/#website\"},\"datePublished\":\"2024-08-16T22:22:28+00:00\",\"dateModified\":\"2025-08-11T16:33:26+00:00\",\"description\":\"Farmworker-serving organizations are trusted messengers in providing farmworkers and their families with critical information about health.\",\"breadcrumb\":{\"@id\":\"https:\\\/\\\/www.ncfh.org\\\/es\\\/outreach-resources\\\/#breadcrumb\"},\"inLanguage\":\"es\",\"potentialAction\":[{\"@type\":\"ReadAction\",\"target\":[\"https:\\\/\\\/www.ncfh.org\\\/es\\\/outreach-resources\\\/\"]}]},{\"@type\":\"BreadcrumbList\",\"@id\":\"https:\\\/\\\/www.ncfh.org\\\/es\\\/outreach-resources\\\/#breadcrumb\",\"itemListElement\":[{\"@type\":\"ListItem\",\"position\":1,\"name\":\"Home\",\"item\":\"https:\\\/\\\/www.ncfh.org\\\/es\\\/inicio\\\/\"},{\"@type\":\"ListItem\",\"position\":2,\"name\":\"Recursos de Alcance\u00a0\"}]},{\"@type\":\"WebSite\",\"@id\":\"https:\\\/\\\/www.ncfh.org\\\/es\\\/#website\",\"url\":\"https:\\\/\\\/www.ncfh.org\\\/es\\\/\",\"name\":\"National Center for Farmworker Health\",\"description\":\"\",\"publisher\":{\"@id\":\"https:\\\/\\\/www.ncfh.org\\\/es\\\/#organization\"},\"potentialAction\":[{\"@type\":\"SearchAction\",\"target\":{\"@type\":\"EntryPoint\",\"urlTemplate\":\"https:\\\/\\\/www.ncfh.org\\\/es\\\/?s={search_term_string}\"},\"query-input\":{\"@type\":\"PropertyValueSpecification\",\"valueRequired\":true,\"valueName\":\"search_term_string\"}}],\"inLanguage\":\"es\"},{\"@type\":\"Organization\",\"@id\":\"https:\\\/\\\/www.ncfh.org\\\/es\\\/#organization\",\"name\":\"National Center for Farmworker Health\",\"url\":\"https:\\\/\\\/www.ncfh.org\\\/es\\\/\",\"logo\":{\"@type\":\"ImageObject\",\"inLanguage\":\"es\",\"@id\":\"https:\\\/\\\/www.ncfh.org\\\/es\\\/#\\\/schema\\\/logo\\\/image\\\/\",\"url\":\"https:\\\/\\\/www.ncfh.org\\\/wp-content\\\/uploads\\\/2024\\\/06\\\/Language-Access.png\",\"contentUrl\":\"https:\\\/\\\/www.ncfh.org\\\/wp-content\\\/uploads\\\/2024\\\/06\\\/Language-Access.png\",\"width\":1563,\"height\":1563,\"caption\":\"National Center for Farmworker Health\"},\"image\":{\"@id\":\"https:\\\/\\\/www.ncfh.org\\\/es\\\/#\\\/schema\\\/logo\\\/image\\\/\"}}]}<\/script>\n<!-- \/ Yoast SEO plugin. -->","yoast_head_json":{"title":"Recursos de Alcance\u00a0 - National Center for Farmworker Health","description":"Farmworker-serving organizations are trusted messengers in providing farmworkers and their families with critical information about health.","robots":{"index":"index","follow":"follow","max-snippet":"max-snippet:-1","max-image-preview":"max-image-preview:large","max-video-preview":"max-video-preview:-1"},"canonical":"https:\/\/www.ncfh.org\/es\/outreach-resources\/","og_locale":"es_ES","og_type":"article","og_title":"Recursos de Alcance\u00a0 - National Center for Farmworker Health","og_description":"Farmworker-serving organizations are trusted messengers in providing farmworkers and their families with critical information about health.","og_url":"https:\/\/www.ncfh.org\/es\/outreach-resources\/","og_site_name":"National Center for Farmworker Health","article_modified_time":"2025-08-11T16:33:26+00:00","twitter_card":"summary_large_image","twitter_misc":{"Tiempo de lectura":"1 minuto"},"schema":{"@context":"https:\/\/schema.org","@graph":[{"@type":"WebPage","@id":"https:\/\/www.ncfh.org\/es\/outreach-resources\/","url":"https:\/\/www.ncfh.org\/es\/outreach-resources\/","name":"Recursos de Alcance\u00a0 - National Center for Farmworker Health","isPartOf":{"@id":"https:\/\/www.ncfh.org\/es\/#website"},"datePublished":"2024-08-16T22:22:28+00:00","dateModified":"2025-08-11T16:33:26+00:00","description":"Farmworker-serving organizations are trusted messengers in providing farmworkers and their families with critical information about health.","breadcrumb":{"@id":"https:\/\/www.ncfh.org\/es\/outreach-resources\/#breadcrumb"},"inLanguage":"es","potentialAction":[{"@type":"ReadAction","target":["https:\/\/www.ncfh.org\/es\/outreach-resources\/"]}]},{"@type":"BreadcrumbList","@id":"https:\/\/www.ncfh.org\/es\/outreach-resources\/#breadcrumb","itemListElement":[{"@type":"ListItem","position":1,"name":"Home","item":"https:\/\/www.ncfh.org\/es\/inicio\/"},{"@type":"ListItem","position":2,"name":"Recursos de Alcance\u00a0"}]},{"@type":"WebSite","@id":"https:\/\/www.ncfh.org\/es\/#website","url":"https:\/\/www.ncfh.org\/es\/","name":"National Center for Farmworker Health","description":"","publisher":{"@id":"https:\/\/www.ncfh.org\/es\/#organization"},"potentialAction":[{"@type":"SearchAction","target":{"@type":"EntryPoint","urlTemplate":"https:\/\/www.ncfh.org\/es\/?s={search_term_string}"},"query-input":{"@type":"PropertyValueSpecification","valueRequired":true,"valueName":"search_term_string"}}],"inLanguage":"es"},{"@type":"Organization","@id":"https:\/\/www.ncfh.org\/es\/#organization","name":"National Center for Farmworker Health","url":"https:\/\/www.ncfh.org\/es\/","logo":{"@type":"ImageObject","inLanguage":"es","@id":"https:\/\/www.ncfh.org\/es\/#\/schema\/logo\/image\/","url":"https:\/\/www.ncfh.org\/wp-content\/uploads\/2024\/06\/Language-Access.png","contentUrl":"https:\/\/www.ncfh.org\/wp-content\/uploads\/2024\/06\/Language-Access.png","width":1563,"height":1563,"caption":"National Center for Farmworker Health"},"image":{"@id":"https:\/\/www.ncfh.org\/es\/#\/schema\/logo\/image\/"}}]}},"featured_image_src":null,"featured_image_src_square":null,"_links":{"self":[{"href":"https:\/\/www.ncfh.org\/es\/wp-json\/wp\/v2\/pages\/8481","targetHints":{"allow":["GET"]}}],"collection":[{"href":"https:\/\/www.ncfh.org\/es\/wp-json\/wp\/v2\/pages"}],"about":[{"href":"https:\/\/www.ncfh.org\/es\/wp-json\/wp\/v2\/types\/page"}],"author":[{"embeddable":true,"href":"https:\/\/www.ncfh.org\/es\/wp-json\/wp\/v2\/users\/4"}],"replies":[{"embeddable":true,"href":"https:\/\/www.ncfh.org\/es\/wp-json\/wp\/v2\/comments?post=8481"}],"version-history":[{"count":0,"href":"https:\/\/www.ncfh.org\/es\/wp-json\/wp\/v2\/pages\/8481\/revisions"}],"wp:attachment":[{"href":"https:\/\/www.ncfh.org\/es\/wp-json\/wp\/v2\/media?parent=8481"}],"curies":[{"name":"wp","href":"https:\/\/api.w.org\/{rel}","templated":true}]}}