{"id":8487,"date":"2024-08-12T16:15:02","date_gmt":"2024-08-12T21:15:02","guid":{"rendered":"https:\/\/www.ncfh.org\/campanas-de-radio-y-redes-sociales-de-ncfh\/"},"modified":"2025-10-24T12:38:46","modified_gmt":"2025-10-24T17:38:46","slug":"campanas-de-radio-y-redes-sociales-de-ncfh","status":"publish","type":"page","link":"https:\/\/www.ncfh.org\/es\/campanas-de-radio-y-redes-sociales-de-ncfh\/","title":{"rendered":"Campa\u00f1as de radio y redes sociales de NCFH"},"content":{"rendered":"\n<p>NCFH, en colaboraci\u00f3n con cadenas nacionales de radio en M\u00e9xico y Estados Unidos como Radio Biling\u00fce<\/p>\n\n<p>y La Red Hispana, lanz\u00f3 dos campa\u00f1as de radio con anuncios de servicio p\u00fablico sobre COVID-19 y enfermedades infecciosas a partir de 2021.<\/p>\n\n<div style=\"height:30px\" aria-hidden=\"true\" class=\"wp-block-spacer\"><\/div>\n\n<p>La p\u00e1gina resaltar\u00e1 medios transmitidos, como audio y videos anteriores.<\/p>\n\n<div style=\"height:50px\" aria-hidden=\"true\" class=\"wp-block-spacer\"><\/div>\n\n<h5 class=\"wp-block-heading\">Vea varios recursos creados por NCFH y otras organizaciones para el personal que busca kits de herramientas relacionados con la seguridad de los trabajadores agr\u00edcolas que sirven y los trabajadores agr\u00edcolas por igual.<\/h5>\n\n<div style=\"height:84px\" aria-hidden=\"true\" class=\"wp-block-spacer\"><\/div>\n\n<div class=\"wp-block-columns is-layout-flex wp-container-core-columns-is-layout-9d6595d7 wp-block-columns-is-layout-flex\">\n<div class=\"wp-block-column is-layout-flow wp-block-column-is-layout-flow\">\n<figure class=\"wp-block-image size-full\"><a href=\"https:\/\/hcnmedia.com\/  \"><img loading=\"lazy\" decoding=\"async\" width=\"212\" height=\"92\" src=\"https:\/\/www.ncfh.org\/wp-content\/uploads\/2024\/08\/Picture1.jpg\" alt=\"\" class=\"wp-image-2220\"\/><\/a><\/figure>\n<\/div>\n\n\n\n<div class=\"wp-block-column is-layout-flow wp-block-column-is-layout-flow\">\n<div style=\"height:9px\" aria-hidden=\"true\" class=\"wp-block-spacer\"><\/div>\n\n\n\n<figure class=\"wp-block-image size-full\"><a href=\"https:\/\/radiobilingue.org\/en  \"><img loading=\"lazy\" decoding=\"async\" width=\"468\" height=\"62\" src=\"https:\/\/www.ncfh.org\/wp-content\/uploads\/2024\/08\/Picture2.png\" alt=\"\" class=\"wp-image-2222\" srcset=\"https:\/\/www.ncfh.org\/wp-content\/uploads\/2024\/08\/Picture2.png 468w, https:\/\/www.ncfh.org\/wp-content\/uploads\/2024\/08\/Picture2-300x40.png 300w\" sizes=\"auto, (max-width: 468px) 100vw, 468px\" \/><\/a><\/figure>\n<\/div>\n<\/div>\n\n<div style=\"height:80px\" aria-hidden=\"true\" class=\"wp-block-spacer\"><\/div>\n\n<h4 class=\"wp-block-heading has-text-align-left\"><strong>Ver y descargar anuncios de servicio p\u00fablico de radio anteriores:<\/strong><\/h4>\n\n<hr class=\"wp-block-separator has-alpha-channel-opacity\"\/>\n\n<div style=\"height:30px\" aria-hidden=\"true\" class=\"wp-block-spacer\"><\/div>\n\n<div class=\"wp-block-media-text is-stacked-on-mobile\" style=\"grid-template-columns:32% auto\"><figure class=\"wp-block-media-text__media\"><a href=\"https:\/\/www.youtube.com\/playlist?list=PLCBeuNZtcfCTihZCK3MEKk-gmmFtXB0XA\"><img loading=\"lazy\" decoding=\"async\" width=\"384\" height=\"242\" src=\"https:\/\/www.ncfh.org\/wp-content\/uploads\/2024\/09\/2024-Mexican-Public-Radio-Pic.png\" alt=\"\" class=\"wp-image-2346 size-full\"\/><\/a><\/figure><div class=\"wp-block-media-text__content\">\n<p class=\"has-text-align-left\"><a href=\"https:\/\/www.youtube.com\/playlist?list=PLCBeuNZtcfCTihZCK3MEKk-gmmFtXB0XA\">Anuncios de Servicio P\u00fablico de la Radio Mexicana 2024<\/a><\/p>\n\n\n\n<p class=\"has-text-align-left\">En 2024, NCFH produjo dos anuncios de servicio p\u00fablico de radio para informar a los posibles trabajadores H-2A sobre los centros de salud disponibles en los EE. UU. Cada PSA fue traducido a siete lenguas ind\u00edgenas, entre ellas N\u00e1huatl, Pur\u00e9pecha, Tsotsil, Tzetal y Zapoteco. Los anuncios de servicio p\u00fablico se transmitieron en cuatro estados mexicanos con altos porcentajes de trabajadores H-2A.  <\/p>\n<\/div><\/div>\n\n<div style=\"height:30px\" aria-hidden=\"true\" class=\"wp-block-spacer\"><\/div>\n\n<hr class=\"wp-block-separator has-alpha-channel-opacity\"\/>\n\n<div style=\"height:30px\" aria-hidden=\"true\" class=\"wp-block-spacer\"><\/div>\n\n<div class=\"wp-block-media-text is-stacked-on-mobile\" style=\"grid-template-columns:34% auto\"><figure class=\"wp-block-media-text__media\"><a href=\"https:\/\/youtu.be\/yCEmzZZSuTY\"><img loading=\"lazy\" decoding=\"async\" width=\"275\" height=\"155\" src=\"https:\/\/www.ncfh.org\/wp-content\/uploads\/2024\/09\/La-Familia-Covid-PSA-e1727200098830.png\" alt=\"\" class=\"wp-image-2351 size-full\"\/><\/a><\/figure><div class=\"wp-block-media-text__content\">\n<p class=\"has-text-align-left\"><a href=\"https:\/\/ncfh.box.com\/s\/cdxfqqjun0f35r07r90589qx1a74t2f6\">Anuncios de Servicio P\u00fablico de Radio 2021<\/a><br\/>NCFH, en colaboraci\u00f3n con Radio Bilingue y la Red de Comunicaciones Hispanas, ha publicado <a href=\"https:\/\/ncfh.us17.list-manage.com\/track\/click?u=f52225f439e1aa339f8263c8d&amp;id=c8687634b8&amp;e=271280ab88\" target=\"_blank\" rel=\"noreferrer noopener\">23 anuncios de servicio p\u00fablico<\/a> sobre la vacuna contra el COVID-19. Estos mensajes se transmitieron durante las temporadas de primavera y verano de 2021 en Espa\u00f1ol, Mixteco y Triqui en los EE. UU. y el norte de M\u00e9xico, con un enfoque en \u00e1reas rurales de Arizona, California, Colorado, Nuevo M\u00e9xico, Texas, Florida, Tennessee, Carolina del Norte, Carolina del Sur y Puerto Rico. <\/p>\n<\/div><\/div>\n\n<p><\/p>\n\n<div style=\"height:60px\" aria-hidden=\"true\" class=\"wp-block-spacer\"><\/div>\n\n<h4 class=\"wp-block-heading has-text-align-left\"><strong>Kits de herramientas para redes sociales<\/strong><\/h4><p class=\"MsoListParagraph\" align=\"center\" style=\"margin: 0in 0in 8pt 0.5in; line-height: 15.6933px; font-size: 11pt; font-family: Calibri, sans-serif; font-weight: 400; white-space-collapse: collapse; text-align: center;\"><b><span lang=\"ES-MX\" style=\"font-size: 13.5pt; line-height: 19.26px; color: rgb(42, 42, 42); background: yellow;\"><\/span><\/b><\/p>\n\n<hr class=\"wp-block-separator has-alpha-channel-opacity\"\/>\n\n<div style=\"height:31px\" aria-hidden=\"true\" class=\"wp-block-spacer\"><\/div>\n\n<p class=\"has-text-align-left\"><strong><a href=\"https:\/\/www.ncfh.org\/wp-content\/uploads\/2024\/09\/2022_covid-19_messaging_social_media_toolkit.pdf\" target=\"_blank\" rel=\"noreferrer noopener\">El kit de herramientas<\/a><\/strong> para redes sociales sobre mensajes sobre el COVID-19 contiene recursos e informaci\u00f3n adaptados a las comunidades de trabajadores agr\u00edcolas para amplificar la campa\u00f1a de redes sociales de su organizaci\u00f3n contra el COVID-19. Incluye espec\u00edficamente una gu\u00eda de redes sociales y <a href=\"https:\/\/ncfh.box.com\/s\/5u39icjlwa5qtrmcrd813qojy6e2s691\" target=\"_blank\" rel=\"noreferrer noopener\"><strong>un repositorio de medios <\/strong><\/a>para ayudar en la creaci\u00f3n de contenido y contenido de marca personalizable. <\/p>\n\n<div style=\"height:31px\" aria-hidden=\"true\" class=\"wp-block-spacer\"><\/div>\n\n<hr class=\"wp-block-separator has-alpha-channel-opacity\"\/>\n\n<div style=\"height:31px\" aria-hidden=\"true\" class=\"wp-block-spacer\"><\/div>\n\n<div class=\"wp-block-media-text is-stacked-on-mobile\" style=\"grid-template-columns:32% auto\"><figure class=\"wp-block-media-text__media\"><a href=\"https:\/\/www.ncfh.org\/wp-content\/uploads\/2024\/09\/2022_influenza_and_the_covid-19_pandemic_social_media_toolkit.pdf\"><img loading=\"lazy\" decoding=\"async\" width=\"257\" height=\"245\" src=\"https:\/\/www.ncfh.org\/wp-content\/uploads\/2024\/09\/Influenza-Covid-Toolkit-e1727202603787.png\" alt=\"\" class=\"wp-image-2821 size-full\"\/><\/a><\/figure><div class=\"wp-block-media-text__content\">\n<p class=\"has-text-align-left\"><strong><a href=\"https:\/\/www.ncfh.org\/wp-content\/uploads\/2024\/09\/2022_influenza_and_the_covid-19_pandemic_social_media_toolkit.pdf\" target=\"_blank\" rel=\"noreferrer noopener\">El kit de herramientas para redes sociales sobre la influenza y la pandemia de COVID-19<\/a><\/strong> contiene recursos para amplificar los mensajes de su organizaci\u00f3n en las redes sociales sobre la temporada de influenza durante la pandemia de COVID-19. Proporciona informaci\u00f3n sobre c\u00f3mo desarrollar una campa\u00f1a en las redes sociales y herramientas para ayudar en la creaci\u00f3n de contenido. <\/p>\n<\/div><\/div>\n\n<div style=\"height:31px\" aria-hidden=\"true\" class=\"wp-block-spacer\"><\/div>\n\n<hr class=\"wp-block-separator has-alpha-channel-opacity\"\/>\n\n<div style=\"height:31px\" aria-hidden=\"true\" class=\"wp-block-spacer\"><\/div>\n\n<p class=\"has-text-align-left\"><strong><a href=\"https:\/\/www.ncfh.org\/wp-content\/uploads\/2024\/09\/final_arp_flu_social_media_toolkit__-1.pdf\" target=\"_blank\" rel=\"noreferrer noopener\">El kit de herramientas de divulgaci\u00f3n y redes sociales sobre la influenza para trabajadores agr\u00edcolas<\/a><\/strong>\u202fproporciona informaci\u00f3n y herramientas tangibles para apoyar a los centros de salud y otras organizaciones comunitarias en el uso de las plataformas de redes sociales para compartir mensajes efectivos sobre la influenza a los trabajadores agr\u00edcolas y sus familias. Este kit de herramientas ayudar\u00e1 a los educadores de divulgaci\u00f3n, trabajadores de salud comunitarios y otros miembros del personal a evaluar los esfuerzos y resultados actuales de las redes sociales y ayudar\u00e1 a identificar nuevas oportunidades para aumentar la participaci\u00f3n de los trabajadores agr\u00edcolas a trav\u00e9s de mensajes personalizados en las redes sociales y promociones cruzadas con socios.  <strong><a href=\"https:\/\/www.ncfh.org\/wp-content\/uploads\/2024\/09\/arp_flu_social_media_toolkit_fv-_spanish.pdf\" target=\"_blank\" rel=\"noreferrer noopener\">La versi\u00f3n en ingl\u00e9s est\u00e1 disponible aqu\u00ed.<\/a><\/strong><\/p>\n\n<div style=\"height:31px\" aria-hidden=\"true\" class=\"wp-block-spacer\"><\/div>\n\n<hr class=\"wp-block-separator has-alpha-channel-opacity\"\/>\n\n<div style=\"height:31px\" aria-hidden=\"true\" class=\"wp-block-spacer\"><\/div>\n\n<h4 class=\"wp-block-heading has-text-align-center\">Para cualquier pregunta o informaci\u00f3n adicional sobre la radio y las redes sociales, env\u00ede un correo electr\u00f3nico a <a href=\"mailto:info@ncfh.org\">info@ncfh.org.<\/a><\/h4>\n","protected":false},"excerpt":{"rendered":"<p>NCFH, en colaboraci\u00f3n con cadenas nacionales de radio en M\u00e9xico y Estados Unidos como Radio Biling\u00fce y La Red Hispana, lanz\u00f3 dos campa\u00f1as de radio con anuncios de servicio p\u00fablico [&hellip;]<\/p>\n","protected":false},"author":4,"featured_media":0,"parent":0,"menu_order":68,"comment_status":"closed","ping_status":"closed","template":"","meta":{"_acf_changed":false,"footnotes":""},"class_list":["post-8487","page","type-page","status-publish","hentry"],"acf":[],"yoast_head":"<!-- This site is optimized with the Yoast SEO plugin v27.3 - https:\/\/yoast.com\/product\/yoast-seo-wordpress\/ -->\n<title>Campa\u00f1as de radio y redes sociales de NCFH - National Center for Farmworker Health<\/title>\n<meta name=\"robots\" content=\"index, follow, max-snippet:-1, max-image-preview:large, max-video-preview:-1\" \/>\n<link rel=\"canonical\" href=\"https:\/\/www.ncfh.org\/es\/campanas-de-radio-y-redes-sociales-de-ncfh\/\" \/>\n<meta property=\"og:locale\" content=\"es_ES\" \/>\n<meta property=\"og:type\" content=\"article\" \/>\n<meta property=\"og:title\" content=\"Campa\u00f1as de radio y redes sociales de NCFH - National Center for Farmworker Health\" \/>\n<meta property=\"og:description\" content=\"NCFH, en colaboraci\u00f3n con cadenas nacionales de radio en M\u00e9xico y Estados Unidos como Radio Biling\u00fce y La Red Hispana, lanz\u00f3 dos campa\u00f1as de radio con anuncios de servicio p\u00fablico [&hellip;]\" \/>\n<meta property=\"og:url\" content=\"https:\/\/www.ncfh.org\/es\/campanas-de-radio-y-redes-sociales-de-ncfh\/\" \/>\n<meta property=\"og:site_name\" content=\"National Center for Farmworker Health\" \/>\n<meta property=\"article:modified_time\" content=\"2025-10-24T17:38:46+00:00\" \/>\n<meta property=\"og:image\" content=\"https:\/\/www.ncfh.org\/wp-content\/uploads\/2024\/08\/Picture1.jpg\" \/>\n\t<meta property=\"og:image:width\" content=\"212\" \/>\n\t<meta property=\"og:image:height\" content=\"92\" \/>\n\t<meta property=\"og:image:type\" content=\"image\/jpeg\" \/>\n<meta name=\"twitter:card\" content=\"summary_large_image\" \/>\n<meta name=\"twitter:label1\" content=\"Tiempo de lectura\" \/>\n\t<meta name=\"twitter:data1\" content=\"3 minutos\" \/>\n<script type=\"application\/ld+json\" class=\"yoast-schema-graph\">{\"@context\":\"https:\\\/\\\/schema.org\",\"@graph\":[{\"@type\":\"WebPage\",\"@id\":\"https:\\\/\\\/www.ncfh.org\\\/es\\\/campanas-de-radio-y-redes-sociales-de-ncfh\\\/\",\"url\":\"https:\\\/\\\/www.ncfh.org\\\/es\\\/campanas-de-radio-y-redes-sociales-de-ncfh\\\/\",\"name\":\"Campa\u00f1as de radio y redes sociales de NCFH - National Center for Farmworker Health\",\"isPartOf\":{\"@id\":\"https:\\\/\\\/www.ncfh.org\\\/es\\\/#website\"},\"primaryImageOfPage\":{\"@id\":\"https:\\\/\\\/www.ncfh.org\\\/es\\\/campanas-de-radio-y-redes-sociales-de-ncfh\\\/#primaryimage\"},\"image\":{\"@id\":\"https:\\\/\\\/www.ncfh.org\\\/es\\\/campanas-de-radio-y-redes-sociales-de-ncfh\\\/#primaryimage\"},\"thumbnailUrl\":\"https:\\\/\\\/www.ncfh.org\\\/wp-content\\\/uploads\\\/2024\\\/08\\\/Picture1.jpg\",\"datePublished\":\"2024-08-12T21:15:02+00:00\",\"dateModified\":\"2025-10-24T17:38:46+00:00\",\"breadcrumb\":{\"@id\":\"https:\\\/\\\/www.ncfh.org\\\/es\\\/campanas-de-radio-y-redes-sociales-de-ncfh\\\/#breadcrumb\"},\"inLanguage\":\"es\",\"potentialAction\":[{\"@type\":\"ReadAction\",\"target\":[\"https:\\\/\\\/www.ncfh.org\\\/es\\\/campanas-de-radio-y-redes-sociales-de-ncfh\\\/\"]}]},{\"@type\":\"ImageObject\",\"inLanguage\":\"es\",\"@id\":\"https:\\\/\\\/www.ncfh.org\\\/es\\\/campanas-de-radio-y-redes-sociales-de-ncfh\\\/#primaryimage\",\"url\":\"https:\\\/\\\/www.ncfh.org\\\/wp-content\\\/uploads\\\/2024\\\/08\\\/Picture1.jpg\",\"contentUrl\":\"https:\\\/\\\/www.ncfh.org\\\/wp-content\\\/uploads\\\/2024\\\/08\\\/Picture1.jpg\"},{\"@type\":\"BreadcrumbList\",\"@id\":\"https:\\\/\\\/www.ncfh.org\\\/es\\\/campanas-de-radio-y-redes-sociales-de-ncfh\\\/#breadcrumb\",\"itemListElement\":[{\"@type\":\"ListItem\",\"position\":1,\"name\":\"Home\",\"item\":\"https:\\\/\\\/www.ncfh.org\\\/es\\\/inicio\\\/\"},{\"@type\":\"ListItem\",\"position\":2,\"name\":\"Campa\u00f1as de radio y redes sociales de NCFH\"}]},{\"@type\":\"WebSite\",\"@id\":\"https:\\\/\\\/www.ncfh.org\\\/es\\\/#website\",\"url\":\"https:\\\/\\\/www.ncfh.org\\\/es\\\/\",\"name\":\"National Center for Farmworker Health\",\"description\":\"\",\"publisher\":{\"@id\":\"https:\\\/\\\/www.ncfh.org\\\/es\\\/#organization\"},\"potentialAction\":[{\"@type\":\"SearchAction\",\"target\":{\"@type\":\"EntryPoint\",\"urlTemplate\":\"https:\\\/\\\/www.ncfh.org\\\/es\\\/?s={search_term_string}\"},\"query-input\":{\"@type\":\"PropertyValueSpecification\",\"valueRequired\":true,\"valueName\":\"search_term_string\"}}],\"inLanguage\":\"es\"},{\"@type\":\"Organization\",\"@id\":\"https:\\\/\\\/www.ncfh.org\\\/es\\\/#organization\",\"name\":\"National Center for Farmworker Health\",\"url\":\"https:\\\/\\\/www.ncfh.org\\\/es\\\/\",\"logo\":{\"@type\":\"ImageObject\",\"inLanguage\":\"es\",\"@id\":\"https:\\\/\\\/www.ncfh.org\\\/es\\\/#\\\/schema\\\/logo\\\/image\\\/\",\"url\":\"https:\\\/\\\/www.ncfh.org\\\/wp-content\\\/uploads\\\/2024\\\/06\\\/Language-Access.png\",\"contentUrl\":\"https:\\\/\\\/www.ncfh.org\\\/wp-content\\\/uploads\\\/2024\\\/06\\\/Language-Access.png\",\"width\":1563,\"height\":1563,\"caption\":\"National Center for Farmworker Health\"},\"image\":{\"@id\":\"https:\\\/\\\/www.ncfh.org\\\/es\\\/#\\\/schema\\\/logo\\\/image\\\/\"}}]}<\/script>\n<!-- \/ Yoast SEO plugin. -->","yoast_head_json":{"title":"Campa\u00f1as de radio y redes sociales de NCFH - National Center for Farmworker Health","robots":{"index":"index","follow":"follow","max-snippet":"max-snippet:-1","max-image-preview":"max-image-preview:large","max-video-preview":"max-video-preview:-1"},"canonical":"https:\/\/www.ncfh.org\/es\/campanas-de-radio-y-redes-sociales-de-ncfh\/","og_locale":"es_ES","og_type":"article","og_title":"Campa\u00f1as de radio y redes sociales de NCFH - National Center for Farmworker Health","og_description":"NCFH, en colaboraci\u00f3n con cadenas nacionales de radio en M\u00e9xico y Estados Unidos como Radio Biling\u00fce y La Red Hispana, lanz\u00f3 dos campa\u00f1as de radio con anuncios de servicio p\u00fablico [&hellip;]","og_url":"https:\/\/www.ncfh.org\/es\/campanas-de-radio-y-redes-sociales-de-ncfh\/","og_site_name":"National Center for Farmworker Health","article_modified_time":"2025-10-24T17:38:46+00:00","og_image":[{"width":212,"height":92,"url":"https:\/\/www.ncfh.org\/wp-content\/uploads\/2024\/08\/Picture1.jpg","type":"image\/jpeg"}],"twitter_card":"summary_large_image","twitter_misc":{"Tiempo de lectura":"3 minutos"},"schema":{"@context":"https:\/\/schema.org","@graph":[{"@type":"WebPage","@id":"https:\/\/www.ncfh.org\/es\/campanas-de-radio-y-redes-sociales-de-ncfh\/","url":"https:\/\/www.ncfh.org\/es\/campanas-de-radio-y-redes-sociales-de-ncfh\/","name":"Campa\u00f1as de radio y redes sociales de NCFH - National Center for Farmworker Health","isPartOf":{"@id":"https:\/\/www.ncfh.org\/es\/#website"},"primaryImageOfPage":{"@id":"https:\/\/www.ncfh.org\/es\/campanas-de-radio-y-redes-sociales-de-ncfh\/#primaryimage"},"image":{"@id":"https:\/\/www.ncfh.org\/es\/campanas-de-radio-y-redes-sociales-de-ncfh\/#primaryimage"},"thumbnailUrl":"https:\/\/www.ncfh.org\/wp-content\/uploads\/2024\/08\/Picture1.jpg","datePublished":"2024-08-12T21:15:02+00:00","dateModified":"2025-10-24T17:38:46+00:00","breadcrumb":{"@id":"https:\/\/www.ncfh.org\/es\/campanas-de-radio-y-redes-sociales-de-ncfh\/#breadcrumb"},"inLanguage":"es","potentialAction":[{"@type":"ReadAction","target":["https:\/\/www.ncfh.org\/es\/campanas-de-radio-y-redes-sociales-de-ncfh\/"]}]},{"@type":"ImageObject","inLanguage":"es","@id":"https:\/\/www.ncfh.org\/es\/campanas-de-radio-y-redes-sociales-de-ncfh\/#primaryimage","url":"https:\/\/www.ncfh.org\/wp-content\/uploads\/2024\/08\/Picture1.jpg","contentUrl":"https:\/\/www.ncfh.org\/wp-content\/uploads\/2024\/08\/Picture1.jpg"},{"@type":"BreadcrumbList","@id":"https:\/\/www.ncfh.org\/es\/campanas-de-radio-y-redes-sociales-de-ncfh\/#breadcrumb","itemListElement":[{"@type":"ListItem","position":1,"name":"Home","item":"https:\/\/www.ncfh.org\/es\/inicio\/"},{"@type":"ListItem","position":2,"name":"Campa\u00f1as de radio y redes sociales de NCFH"}]},{"@type":"WebSite","@id":"https:\/\/www.ncfh.org\/es\/#website","url":"https:\/\/www.ncfh.org\/es\/","name":"National Center for Farmworker Health","description":"","publisher":{"@id":"https:\/\/www.ncfh.org\/es\/#organization"},"potentialAction":[{"@type":"SearchAction","target":{"@type":"EntryPoint","urlTemplate":"https:\/\/www.ncfh.org\/es\/?s={search_term_string}"},"query-input":{"@type":"PropertyValueSpecification","valueRequired":true,"valueName":"search_term_string"}}],"inLanguage":"es"},{"@type":"Organization","@id":"https:\/\/www.ncfh.org\/es\/#organization","name":"National Center for Farmworker Health","url":"https:\/\/www.ncfh.org\/es\/","logo":{"@type":"ImageObject","inLanguage":"es","@id":"https:\/\/www.ncfh.org\/es\/#\/schema\/logo\/image\/","url":"https:\/\/www.ncfh.org\/wp-content\/uploads\/2024\/06\/Language-Access.png","contentUrl":"https:\/\/www.ncfh.org\/wp-content\/uploads\/2024\/06\/Language-Access.png","width":1563,"height":1563,"caption":"National Center for Farmworker Health"},"image":{"@id":"https:\/\/www.ncfh.org\/es\/#\/schema\/logo\/image\/"}}]}},"featured_image_src":null,"featured_image_src_square":null,"_links":{"self":[{"href":"https:\/\/www.ncfh.org\/es\/wp-json\/wp\/v2\/pages\/8487","targetHints":{"allow":["GET"]}}],"collection":[{"href":"https:\/\/www.ncfh.org\/es\/wp-json\/wp\/v2\/pages"}],"about":[{"href":"https:\/\/www.ncfh.org\/es\/wp-json\/wp\/v2\/types\/page"}],"author":[{"embeddable":true,"href":"https:\/\/www.ncfh.org\/es\/wp-json\/wp\/v2\/users\/4"}],"replies":[{"embeddable":true,"href":"https:\/\/www.ncfh.org\/es\/wp-json\/wp\/v2\/comments?post=8487"}],"version-history":[{"count":0,"href":"https:\/\/www.ncfh.org\/es\/wp-json\/wp\/v2\/pages\/8487\/revisions"}],"wp:attachment":[{"href":"https:\/\/www.ncfh.org\/es\/wp-json\/wp\/v2\/media?parent=8487"}],"curies":[{"name":"wp","href":"https:\/\/api.w.org\/{rel}","templated":true}]}}