{"id":8510,"date":"2024-04-16T10:16:17","date_gmt":"2024-04-16T15:16:17","guid":{"rendered":"https:\/\/www.ncfh.org\/comunidades-de-practica\/"},"modified":"2025-11-03T14:44:59","modified_gmt":"2025-11-03T20:44:59","slug":"capacitacion-en-grupos-pequenos","status":"publish","type":"page","link":"https:\/\/www.ncfh.org\/es\/capacitacion-en-grupos-pequenos\/","title":{"rendered":"Capacitaci\u00f3n en Grupos Peque\u00f1os"},"content":{"rendered":"\n<h2 class=\"wp-block-heading has-text-align-center\">Capacitaci\u00f3n en grupos peque\u00f1os<\/h2>\n\n\n\n<div style=\"height:41px\" aria-hidden=\"true\" class=\"wp-block-spacer\"><\/div>\n\n\n\n<p class=\"has-text-align-left\">NCFH se complace en ofrecer capacitaciones en grupos peque\u00f1os, dise\u00f1adas espec\u00edficamente para el personal de los centros de salud. Estos programas de capacitaci\u00f3n colaborativos re\u00fanen a peque\u00f1os grupos de profesionales de todo el pa\u00eds para recibir formaci\u00f3n espec\u00edfica sobre temas de salud que afectan a las comunidades de trabajadores agr\u00edcolas migratorios y de temporada.<\/p>\n\n\n\n<div style=\"height:30px\" aria-hidden=\"true\" class=\"wp-block-spacer\"><\/div>\n\n\n\n<p class=\"has-text-align-left\">Qu\u00e9 esperar:<\/p>\n\n\n\n<ul class=\"wp-block-list\">\n<li>Sesiones de capacitaci\u00f3n peri\u00f3dicas con facilitadores expertos.<\/li>\n\n\n\n<li>Asistencia t\u00e9cnica y recursos pr\u00e1cticos.<\/li>\n\n\n\n<li>Capacitaci\u00f3n en grupos peque\u00f1os y desarrollo de estrategias.<\/li>\n\n\n\n<li>Enfoque espec\u00edfico en las necesidades de salud de los trabajadores agr\u00edcolas.<\/li>\n<\/ul>\n\n\n\n<p class=\"has-text-align-left\">Cada capacitaci\u00f3n en grupos peque\u00f1os incluye varias sesiones dedicadas a explorar c\u00f3mo los temas espec\u00edficos de salud afectan a las poblaciones de trabajadores agr\u00edcolas y a desarrollar estrategias eficaces para abordar dichos desaf\u00edos.<br><\/p>\n\n\n\n<div style=\"height:30px\" aria-hidden=\"true\" class=\"wp-block-spacer\"><\/div>\n\n\n\n<p class=\"has-text-align-left\"><\/p>\n\n\n\n<div style=\"height:31px\" aria-hidden=\"true\" class=\"wp-block-spacer\"><\/div>\n\n\n\n<p><\/p>\n","protected":false},"excerpt":{"rendered":"<p>Capacitaci\u00f3n en grupos peque\u00f1os NCFH se complace en ofrecer capacitaciones en grupos peque\u00f1os, dise\u00f1adas espec\u00edficamente para el personal de los centros de salud. Estos programas de capacitaci\u00f3n colaborativos re\u00fanen a [&hellip;]<\/p>\n","protected":false},"author":2,"featured_media":0,"parent":0,"menu_order":109,"comment_status":"closed","ping_status":"closed","template":"template-hclc.php","meta":{"_acf_changed":true,"footnotes":""},"class_list":["post-8510","page","type-page","status-publish","hentry"],"acf":[],"yoast_head":"<!-- This site is optimized with the Yoast SEO plugin v27.3 - https:\/\/yoast.com\/product\/yoast-seo-wordpress\/ -->\n<title>Capacitaci\u00f3n en Grupos Peque\u00f1os - National Center for Farmworker Health<\/title>\n<meta name=\"description\" content=\"Estas capacitaciones en grupos peque\u00f1os ofrecen sesiones regulares, asistencia t\u00e9cnica y tiempo para desarrollar estrategias con otros pares de todo el pa\u00eds.\" \/>\n<meta name=\"robots\" content=\"index, follow, max-snippet:-1, max-image-preview:large, max-video-preview:-1\" \/>\n<link rel=\"canonical\" href=\"https:\/\/www.ncfh.org\/es\/capacitacion-en-grupos-pequenos\/\" \/>\n<meta property=\"og:locale\" content=\"es_ES\" \/>\n<meta property=\"og:type\" content=\"article\" \/>\n<meta property=\"og:title\" content=\"Capacitaci\u00f3n en Grupos Peque\u00f1os - National Center for Farmworker Health\" \/>\n<meta property=\"og:description\" content=\"Estas capacitaciones en grupos peque\u00f1os ofrecen sesiones regulares, asistencia t\u00e9cnica y tiempo para desarrollar estrategias con otros pares de todo el pa\u00eds.\" \/>\n<meta property=\"og:url\" content=\"https:\/\/www.ncfh.org\/es\/capacitacion-en-grupos-pequenos\/\" \/>\n<meta property=\"og:site_name\" content=\"National Center for Farmworker Health\" \/>\n<meta property=\"article:modified_time\" content=\"2025-11-03T20:44:59+00:00\" \/>\n<meta name=\"twitter:card\" content=\"summary_large_image\" \/>\n<meta name=\"twitter:label1\" content=\"Tiempo de lectura\" \/>\n\t<meta name=\"twitter:data1\" content=\"1 minuto\" \/>\n<script type=\"application\/ld+json\" class=\"yoast-schema-graph\">{\"@context\":\"https:\\\/\\\/schema.org\",\"@graph\":[{\"@type\":\"WebPage\",\"@id\":\"https:\\\/\\\/www.ncfh.org\\\/es\\\/capacitacion-en-grupos-pequenos\\\/\",\"url\":\"https:\\\/\\\/www.ncfh.org\\\/es\\\/capacitacion-en-grupos-pequenos\\\/\",\"name\":\"Capacitaci\u00f3n en Grupos Peque\u00f1os - National Center for Farmworker Health\",\"isPartOf\":{\"@id\":\"https:\\\/\\\/www.ncfh.org\\\/es\\\/#website\"},\"datePublished\":\"2024-04-16T15:16:17+00:00\",\"dateModified\":\"2025-11-03T20:44:59+00:00\",\"description\":\"Estas capacitaciones en grupos peque\u00f1os ofrecen sesiones regulares, asistencia t\u00e9cnica y tiempo para desarrollar estrategias con otros pares de todo el pa\u00eds.\",\"breadcrumb\":{\"@id\":\"https:\\\/\\\/www.ncfh.org\\\/es\\\/capacitacion-en-grupos-pequenos\\\/#breadcrumb\"},\"inLanguage\":\"es\",\"potentialAction\":[{\"@type\":\"ReadAction\",\"target\":[\"https:\\\/\\\/www.ncfh.org\\\/es\\\/capacitacion-en-grupos-pequenos\\\/\"]}]},{\"@type\":\"BreadcrumbList\",\"@id\":\"https:\\\/\\\/www.ncfh.org\\\/es\\\/capacitacion-en-grupos-pequenos\\\/#breadcrumb\",\"itemListElement\":[{\"@type\":\"ListItem\",\"position\":1,\"name\":\"Home\",\"item\":\"https:\\\/\\\/www.ncfh.org\\\/es\\\/inicio\\\/\"},{\"@type\":\"ListItem\",\"position\":2,\"name\":\"Capacitaci\u00f3n en Grupos Peque\u00f1os\"}]},{\"@type\":\"WebSite\",\"@id\":\"https:\\\/\\\/www.ncfh.org\\\/es\\\/#website\",\"url\":\"https:\\\/\\\/www.ncfh.org\\\/es\\\/\",\"name\":\"National Center for Farmworker Health\",\"description\":\"\",\"publisher\":{\"@id\":\"https:\\\/\\\/www.ncfh.org\\\/es\\\/#organization\"},\"potentialAction\":[{\"@type\":\"SearchAction\",\"target\":{\"@type\":\"EntryPoint\",\"urlTemplate\":\"https:\\\/\\\/www.ncfh.org\\\/es\\\/?s={search_term_string}\"},\"query-input\":{\"@type\":\"PropertyValueSpecification\",\"valueRequired\":true,\"valueName\":\"search_term_string\"}}],\"inLanguage\":\"es\"},{\"@type\":\"Organization\",\"@id\":\"https:\\\/\\\/www.ncfh.org\\\/es\\\/#organization\",\"name\":\"National Center for Farmworker Health\",\"url\":\"https:\\\/\\\/www.ncfh.org\\\/es\\\/\",\"logo\":{\"@type\":\"ImageObject\",\"inLanguage\":\"es\",\"@id\":\"https:\\\/\\\/www.ncfh.org\\\/es\\\/#\\\/schema\\\/logo\\\/image\\\/\",\"url\":\"https:\\\/\\\/www.ncfh.org\\\/wp-content\\\/uploads\\\/2024\\\/06\\\/Language-Access.png\",\"contentUrl\":\"https:\\\/\\\/www.ncfh.org\\\/wp-content\\\/uploads\\\/2024\\\/06\\\/Language-Access.png\",\"width\":1563,\"height\":1563,\"caption\":\"National Center for Farmworker Health\"},\"image\":{\"@id\":\"https:\\\/\\\/www.ncfh.org\\\/es\\\/#\\\/schema\\\/logo\\\/image\\\/\"}}]}<\/script>\n<!-- \/ Yoast SEO plugin. -->","yoast_head_json":{"title":"Capacitaci\u00f3n en Grupos Peque\u00f1os - National Center for Farmworker Health","description":"Estas capacitaciones en grupos peque\u00f1os ofrecen sesiones regulares, asistencia t\u00e9cnica y tiempo para desarrollar estrategias con otros pares de todo el pa\u00eds.","robots":{"index":"index","follow":"follow","max-snippet":"max-snippet:-1","max-image-preview":"max-image-preview:large","max-video-preview":"max-video-preview:-1"},"canonical":"https:\/\/www.ncfh.org\/es\/capacitacion-en-grupos-pequenos\/","og_locale":"es_ES","og_type":"article","og_title":"Capacitaci\u00f3n en Grupos Peque\u00f1os - National Center for Farmworker Health","og_description":"Estas capacitaciones en grupos peque\u00f1os ofrecen sesiones regulares, asistencia t\u00e9cnica y tiempo para desarrollar estrategias con otros pares de todo el pa\u00eds.","og_url":"https:\/\/www.ncfh.org\/es\/capacitacion-en-grupos-pequenos\/","og_site_name":"National Center for Farmworker Health","article_modified_time":"2025-11-03T20:44:59+00:00","twitter_card":"summary_large_image","twitter_misc":{"Tiempo de lectura":"1 minuto"},"schema":{"@context":"https:\/\/schema.org","@graph":[{"@type":"WebPage","@id":"https:\/\/www.ncfh.org\/es\/capacitacion-en-grupos-pequenos\/","url":"https:\/\/www.ncfh.org\/es\/capacitacion-en-grupos-pequenos\/","name":"Capacitaci\u00f3n en Grupos Peque\u00f1os - National Center for Farmworker Health","isPartOf":{"@id":"https:\/\/www.ncfh.org\/es\/#website"},"datePublished":"2024-04-16T15:16:17+00:00","dateModified":"2025-11-03T20:44:59+00:00","description":"Estas capacitaciones en grupos peque\u00f1os ofrecen sesiones regulares, asistencia t\u00e9cnica y tiempo para desarrollar estrategias con otros pares de todo el pa\u00eds.","breadcrumb":{"@id":"https:\/\/www.ncfh.org\/es\/capacitacion-en-grupos-pequenos\/#breadcrumb"},"inLanguage":"es","potentialAction":[{"@type":"ReadAction","target":["https:\/\/www.ncfh.org\/es\/capacitacion-en-grupos-pequenos\/"]}]},{"@type":"BreadcrumbList","@id":"https:\/\/www.ncfh.org\/es\/capacitacion-en-grupos-pequenos\/#breadcrumb","itemListElement":[{"@type":"ListItem","position":1,"name":"Home","item":"https:\/\/www.ncfh.org\/es\/inicio\/"},{"@type":"ListItem","position":2,"name":"Capacitaci\u00f3n en Grupos Peque\u00f1os"}]},{"@type":"WebSite","@id":"https:\/\/www.ncfh.org\/es\/#website","url":"https:\/\/www.ncfh.org\/es\/","name":"National Center for Farmworker Health","description":"","publisher":{"@id":"https:\/\/www.ncfh.org\/es\/#organization"},"potentialAction":[{"@type":"SearchAction","target":{"@type":"EntryPoint","urlTemplate":"https:\/\/www.ncfh.org\/es\/?s={search_term_string}"},"query-input":{"@type":"PropertyValueSpecification","valueRequired":true,"valueName":"search_term_string"}}],"inLanguage":"es"},{"@type":"Organization","@id":"https:\/\/www.ncfh.org\/es\/#organization","name":"National Center for Farmworker Health","url":"https:\/\/www.ncfh.org\/es\/","logo":{"@type":"ImageObject","inLanguage":"es","@id":"https:\/\/www.ncfh.org\/es\/#\/schema\/logo\/image\/","url":"https:\/\/www.ncfh.org\/wp-content\/uploads\/2024\/06\/Language-Access.png","contentUrl":"https:\/\/www.ncfh.org\/wp-content\/uploads\/2024\/06\/Language-Access.png","width":1563,"height":1563,"caption":"National Center for Farmworker Health"},"image":{"@id":"https:\/\/www.ncfh.org\/es\/#\/schema\/logo\/image\/"}}]}},"featured_image_src":null,"featured_image_src_square":null,"_links":{"self":[{"href":"https:\/\/www.ncfh.org\/es\/wp-json\/wp\/v2\/pages\/8510","targetHints":{"allow":["GET"]}}],"collection":[{"href":"https:\/\/www.ncfh.org\/es\/wp-json\/wp\/v2\/pages"}],"about":[{"href":"https:\/\/www.ncfh.org\/es\/wp-json\/wp\/v2\/types\/page"}],"author":[{"embeddable":true,"href":"https:\/\/www.ncfh.org\/es\/wp-json\/wp\/v2\/users\/2"}],"replies":[{"embeddable":true,"href":"https:\/\/www.ncfh.org\/es\/wp-json\/wp\/v2\/comments?post=8510"}],"version-history":[{"count":0,"href":"https:\/\/www.ncfh.org\/es\/wp-json\/wp\/v2\/pages\/8510\/revisions"}],"wp:attachment":[{"href":"https:\/\/www.ncfh.org\/es\/wp-json\/wp\/v2\/media?parent=8510"}],"curies":[{"name":"wp","href":"https:\/\/api.w.org\/{rel}","templated":true}]}}