{"id":8734,"date":"2024-06-13T15:52:45","date_gmt":"2024-06-13T20:52:45","guid":{"rendered":"https:\/\/www.ncfh.org\/programa-y-capacitacion-para-ampliar-el-acceso-a-la-atencion-medica\/"},"modified":"2025-11-03T14:53:45","modified_gmt":"2025-11-03T20:53:45","slug":"programa-y-capacitacion-para-ampliar-el-acceso-a-la-atencion-medica","status":"publish","type":"page","link":"https:\/\/www.ncfh.org\/es\/programa-y-capacitacion-para-ampliar-el-acceso-a-la-atencion-medica\/","title":{"rendered":"Programa y Capacitaci\u00f3n para Ampliar el Acceso a la Atenci\u00f3n M\u00e9dica"},"content":{"rendered":"<div class=\"wp-block-image\">\n<figure class=\"alignleft size-full is-resized\"><img loading=\"lazy\" decoding=\"async\" width=\"792\" height=\"612\" src=\"https:\/\/www.ncfh.org\/wp-content\/uploads\/2025\/09\/IAC-Logo-2025.png\" alt=\"\" class=\"wp-image-8721\" style=\"width:259px;height:auto\" srcset=\"https:\/\/www.ncfh.org\/wp-content\/uploads\/2025\/09\/IAC-Logo-2025.png 792w, https:\/\/www.ncfh.org\/wp-content\/uploads\/2025\/09\/IAC-Logo-2025-300x232.png 300w, https:\/\/www.ncfh.org\/wp-content\/uploads\/2025\/09\/IAC-Logo-2025-768x593.png 768w, https:\/\/www.ncfh.org\/wp-content\/uploads\/2025\/09\/IAC-Logo-2025-600x464.png 600w\" sizes=\"auto, (max-width: 792px) 100vw, 792px\" \/><\/figure>\n<\/div>\n<p><strong><strong>Desde su creaci\u00f3n en 2015, el Programa IAC se ha expandido hasta convertirse en una red virtual nacional de centros de salud, redes controladas por centros de salud y asociaciones de atenci\u00f3n primaria, que trabajan en conjunto con el objetivo com\u00fan de aumentar el acceso a servicios de atenci\u00f3n primaria integrales y consistentes para las familias de trabajadores agr\u00edcolas migrantes y de temporada (MSAW).<\/strong><\/strong><\/p>\n\n<p><\/p>\n","protected":false},"excerpt":{"rendered":"<p>Desde su creaci\u00f3n en 2015, el Programa IAC se ha expandido hasta convertirse en una red virtual nacional de centros de salud, redes controladas por centros de salud y asociaciones [&hellip;]<\/p>\n","protected":false},"author":4,"featured_media":0,"parent":0,"menu_order":82,"comment_status":"closed","ping_status":"closed","template":"","meta":{"_acf_changed":true,"footnotes":""},"class_list":["post-8734","page","type-page","status-publish","hentry"],"acf":[],"yoast_head":"<!-- This site is optimized with the Yoast SEO plugin v27.3 - https:\/\/yoast.com\/product\/yoast-seo-wordpress\/ -->\n<title>Programa y Capacitaci\u00f3n para Ampliar el Acceso a la Atenci\u00f3n M\u00e9dica - National Center for Farmworker Health<\/title>\n<meta name=\"robots\" content=\"index, follow, max-snippet:-1, max-image-preview:large, max-video-preview:-1\" \/>\n<link rel=\"canonical\" href=\"https:\/\/www.ncfh.org\/es\/programa-y-capacitacion-para-ampliar-el-acceso-a-la-atencion-medica\/\" \/>\n<meta property=\"og:locale\" content=\"es_ES\" \/>\n<meta property=\"og:type\" content=\"article\" \/>\n<meta property=\"og:title\" content=\"Programa y Capacitaci\u00f3n para Ampliar el Acceso a la Atenci\u00f3n M\u00e9dica - National Center for Farmworker Health\" \/>\n<meta property=\"og:description\" content=\"Desde su creaci\u00f3n en 2015, el Programa IAC se ha expandido hasta convertirse en una red virtual nacional de centros de salud, redes controladas por centros de salud y asociaciones [&hellip;]\" \/>\n<meta property=\"og:url\" content=\"https:\/\/www.ncfh.org\/es\/programa-y-capacitacion-para-ampliar-el-acceso-a-la-atencion-medica\/\" \/>\n<meta property=\"og:site_name\" content=\"National Center for Farmworker Health\" \/>\n<meta property=\"article:modified_time\" content=\"2025-11-03T20:53:45+00:00\" \/>\n<meta property=\"og:image\" content=\"https:\/\/www.ncfh.org\/wp-content\/uploads\/2025\/09\/IAC-Logo-2025.png\" \/>\n\t<meta property=\"og:image:width\" content=\"792\" \/>\n\t<meta property=\"og:image:height\" content=\"612\" \/>\n\t<meta property=\"og:image:type\" content=\"image\/png\" \/>\n<meta name=\"twitter:card\" content=\"summary_large_image\" \/>\n<script type=\"application\/ld+json\" class=\"yoast-schema-graph\">{\"@context\":\"https:\\\/\\\/schema.org\",\"@graph\":[{\"@type\":\"WebPage\",\"@id\":\"https:\\\/\\\/www.ncfh.org\\\/es\\\/programa-y-capacitacion-para-ampliar-el-acceso-a-la-atencion-medica\\\/\",\"url\":\"https:\\\/\\\/www.ncfh.org\\\/es\\\/programa-y-capacitacion-para-ampliar-el-acceso-a-la-atencion-medica\\\/\",\"name\":\"Programa y Capacitaci\u00f3n para Ampliar el Acceso a la Atenci\u00f3n M\u00e9dica - National Center for Farmworker Health\",\"isPartOf\":{\"@id\":\"https:\\\/\\\/www.ncfh.org\\\/es\\\/#website\"},\"primaryImageOfPage\":{\"@id\":\"https:\\\/\\\/www.ncfh.org\\\/es\\\/programa-y-capacitacion-para-ampliar-el-acceso-a-la-atencion-medica\\\/#primaryimage\"},\"image\":{\"@id\":\"https:\\\/\\\/www.ncfh.org\\\/es\\\/programa-y-capacitacion-para-ampliar-el-acceso-a-la-atencion-medica\\\/#primaryimage\"},\"thumbnailUrl\":\"https:\\\/\\\/www.ncfh.org\\\/wp-content\\\/uploads\\\/2025\\\/09\\\/IAC-Logo-2025.png\",\"datePublished\":\"2024-06-13T20:52:45+00:00\",\"dateModified\":\"2025-11-03T20:53:45+00:00\",\"breadcrumb\":{\"@id\":\"https:\\\/\\\/www.ncfh.org\\\/es\\\/programa-y-capacitacion-para-ampliar-el-acceso-a-la-atencion-medica\\\/#breadcrumb\"},\"inLanguage\":\"es\",\"potentialAction\":[{\"@type\":\"ReadAction\",\"target\":[\"https:\\\/\\\/www.ncfh.org\\\/es\\\/programa-y-capacitacion-para-ampliar-el-acceso-a-la-atencion-medica\\\/\"]}]},{\"@type\":\"ImageObject\",\"inLanguage\":\"es\",\"@id\":\"https:\\\/\\\/www.ncfh.org\\\/es\\\/programa-y-capacitacion-para-ampliar-el-acceso-a-la-atencion-medica\\\/#primaryimage\",\"url\":\"https:\\\/\\\/www.ncfh.org\\\/wp-content\\\/uploads\\\/2025\\\/09\\\/IAC-Logo-2025.png\",\"contentUrl\":\"https:\\\/\\\/www.ncfh.org\\\/wp-content\\\/uploads\\\/2025\\\/09\\\/IAC-Logo-2025.png\"},{\"@type\":\"BreadcrumbList\",\"@id\":\"https:\\\/\\\/www.ncfh.org\\\/es\\\/programa-y-capacitacion-para-ampliar-el-acceso-a-la-atencion-medica\\\/#breadcrumb\",\"itemListElement\":[{\"@type\":\"ListItem\",\"position\":1,\"name\":\"Home\",\"item\":\"https:\\\/\\\/www.ncfh.org\\\/es\\\/inicio\\\/\"},{\"@type\":\"ListItem\",\"position\":2,\"name\":\"Programa y Capacitaci\u00f3n para Ampliar el Acceso a la Atenci\u00f3n M\u00e9dica\"}]},{\"@type\":\"WebSite\",\"@id\":\"https:\\\/\\\/www.ncfh.org\\\/es\\\/#website\",\"url\":\"https:\\\/\\\/www.ncfh.org\\\/es\\\/\",\"name\":\"National Center for Farmworker Health\",\"description\":\"\",\"publisher\":{\"@id\":\"https:\\\/\\\/www.ncfh.org\\\/es\\\/#organization\"},\"potentialAction\":[{\"@type\":\"SearchAction\",\"target\":{\"@type\":\"EntryPoint\",\"urlTemplate\":\"https:\\\/\\\/www.ncfh.org\\\/es\\\/?s={search_term_string}\"},\"query-input\":{\"@type\":\"PropertyValueSpecification\",\"valueRequired\":true,\"valueName\":\"search_term_string\"}}],\"inLanguage\":\"es\"},{\"@type\":\"Organization\",\"@id\":\"https:\\\/\\\/www.ncfh.org\\\/es\\\/#organization\",\"name\":\"National Center for Farmworker Health\",\"url\":\"https:\\\/\\\/www.ncfh.org\\\/es\\\/\",\"logo\":{\"@type\":\"ImageObject\",\"inLanguage\":\"es\",\"@id\":\"https:\\\/\\\/www.ncfh.org\\\/es\\\/#\\\/schema\\\/logo\\\/image\\\/\",\"url\":\"https:\\\/\\\/www.ncfh.org\\\/wp-content\\\/uploads\\\/2024\\\/06\\\/Language-Access.png\",\"contentUrl\":\"https:\\\/\\\/www.ncfh.org\\\/wp-content\\\/uploads\\\/2024\\\/06\\\/Language-Access.png\",\"width\":1563,\"height\":1563,\"caption\":\"National Center for Farmworker Health\"},\"image\":{\"@id\":\"https:\\\/\\\/www.ncfh.org\\\/es\\\/#\\\/schema\\\/logo\\\/image\\\/\"}}]}<\/script>\n<!-- \/ Yoast SEO plugin. -->","yoast_head_json":{"title":"Programa y Capacitaci\u00f3n para Ampliar el Acceso a la Atenci\u00f3n M\u00e9dica - National Center for Farmworker Health","robots":{"index":"index","follow":"follow","max-snippet":"max-snippet:-1","max-image-preview":"max-image-preview:large","max-video-preview":"max-video-preview:-1"},"canonical":"https:\/\/www.ncfh.org\/es\/programa-y-capacitacion-para-ampliar-el-acceso-a-la-atencion-medica\/","og_locale":"es_ES","og_type":"article","og_title":"Programa y Capacitaci\u00f3n para Ampliar el Acceso a la Atenci\u00f3n M\u00e9dica - National Center for Farmworker Health","og_description":"Desde su creaci\u00f3n en 2015, el Programa IAC se ha expandido hasta convertirse en una red virtual nacional de centros de salud, redes controladas por centros de salud y asociaciones [&hellip;]","og_url":"https:\/\/www.ncfh.org\/es\/programa-y-capacitacion-para-ampliar-el-acceso-a-la-atencion-medica\/","og_site_name":"National Center for Farmworker Health","article_modified_time":"2025-11-03T20:53:45+00:00","og_image":[{"width":792,"height":612,"url":"https:\/\/www.ncfh.org\/wp-content\/uploads\/2025\/09\/IAC-Logo-2025.png","type":"image\/png"}],"twitter_card":"summary_large_image","schema":{"@context":"https:\/\/schema.org","@graph":[{"@type":"WebPage","@id":"https:\/\/www.ncfh.org\/es\/programa-y-capacitacion-para-ampliar-el-acceso-a-la-atencion-medica\/","url":"https:\/\/www.ncfh.org\/es\/programa-y-capacitacion-para-ampliar-el-acceso-a-la-atencion-medica\/","name":"Programa y Capacitaci\u00f3n para Ampliar el Acceso a la Atenci\u00f3n M\u00e9dica - National Center for Farmworker Health","isPartOf":{"@id":"https:\/\/www.ncfh.org\/es\/#website"},"primaryImageOfPage":{"@id":"https:\/\/www.ncfh.org\/es\/programa-y-capacitacion-para-ampliar-el-acceso-a-la-atencion-medica\/#primaryimage"},"image":{"@id":"https:\/\/www.ncfh.org\/es\/programa-y-capacitacion-para-ampliar-el-acceso-a-la-atencion-medica\/#primaryimage"},"thumbnailUrl":"https:\/\/www.ncfh.org\/wp-content\/uploads\/2025\/09\/IAC-Logo-2025.png","datePublished":"2024-06-13T20:52:45+00:00","dateModified":"2025-11-03T20:53:45+00:00","breadcrumb":{"@id":"https:\/\/www.ncfh.org\/es\/programa-y-capacitacion-para-ampliar-el-acceso-a-la-atencion-medica\/#breadcrumb"},"inLanguage":"es","potentialAction":[{"@type":"ReadAction","target":["https:\/\/www.ncfh.org\/es\/programa-y-capacitacion-para-ampliar-el-acceso-a-la-atencion-medica\/"]}]},{"@type":"ImageObject","inLanguage":"es","@id":"https:\/\/www.ncfh.org\/es\/programa-y-capacitacion-para-ampliar-el-acceso-a-la-atencion-medica\/#primaryimage","url":"https:\/\/www.ncfh.org\/wp-content\/uploads\/2025\/09\/IAC-Logo-2025.png","contentUrl":"https:\/\/www.ncfh.org\/wp-content\/uploads\/2025\/09\/IAC-Logo-2025.png"},{"@type":"BreadcrumbList","@id":"https:\/\/www.ncfh.org\/es\/programa-y-capacitacion-para-ampliar-el-acceso-a-la-atencion-medica\/#breadcrumb","itemListElement":[{"@type":"ListItem","position":1,"name":"Home","item":"https:\/\/www.ncfh.org\/es\/inicio\/"},{"@type":"ListItem","position":2,"name":"Programa y Capacitaci\u00f3n para Ampliar el Acceso a la Atenci\u00f3n M\u00e9dica"}]},{"@type":"WebSite","@id":"https:\/\/www.ncfh.org\/es\/#website","url":"https:\/\/www.ncfh.org\/es\/","name":"National Center for Farmworker Health","description":"","publisher":{"@id":"https:\/\/www.ncfh.org\/es\/#organization"},"potentialAction":[{"@type":"SearchAction","target":{"@type":"EntryPoint","urlTemplate":"https:\/\/www.ncfh.org\/es\/?s={search_term_string}"},"query-input":{"@type":"PropertyValueSpecification","valueRequired":true,"valueName":"search_term_string"}}],"inLanguage":"es"},{"@type":"Organization","@id":"https:\/\/www.ncfh.org\/es\/#organization","name":"National Center for Farmworker Health","url":"https:\/\/www.ncfh.org\/es\/","logo":{"@type":"ImageObject","inLanguage":"es","@id":"https:\/\/www.ncfh.org\/es\/#\/schema\/logo\/image\/","url":"https:\/\/www.ncfh.org\/wp-content\/uploads\/2024\/06\/Language-Access.png","contentUrl":"https:\/\/www.ncfh.org\/wp-content\/uploads\/2024\/06\/Language-Access.png","width":1563,"height":1563,"caption":"National Center for Farmworker Health"},"image":{"@id":"https:\/\/www.ncfh.org\/es\/#\/schema\/logo\/image\/"}}]}},"featured_image_src":null,"featured_image_src_square":null,"_links":{"self":[{"href":"https:\/\/www.ncfh.org\/es\/wp-json\/wp\/v2\/pages\/8734","targetHints":{"allow":["GET"]}}],"collection":[{"href":"https:\/\/www.ncfh.org\/es\/wp-json\/wp\/v2\/pages"}],"about":[{"href":"https:\/\/www.ncfh.org\/es\/wp-json\/wp\/v2\/types\/page"}],"author":[{"embeddable":true,"href":"https:\/\/www.ncfh.org\/es\/wp-json\/wp\/v2\/users\/4"}],"replies":[{"embeddable":true,"href":"https:\/\/www.ncfh.org\/es\/wp-json\/wp\/v2\/comments?post=8734"}],"version-history":[{"count":0,"href":"https:\/\/www.ncfh.org\/es\/wp-json\/wp\/v2\/pages\/8734\/revisions"}],"wp:attachment":[{"href":"https:\/\/www.ncfh.org\/es\/wp-json\/wp\/v2\/media?parent=8734"}],"curies":[{"name":"wp","href":"https:\/\/api.w.org\/{rel}","templated":true}]}}